{"id":2283,"date":"2024-01-24T12:14:15","date_gmt":"2024-01-24T12:14:15","guid":{"rendered":"https:\/\/nalinnes.org\/?page_id=2283"},"modified":"2024-01-24T12:18:58","modified_gmt":"2024-01-24T12:18:58","slug":"les-diamants","status":"publish","type":"page","link":"https:\/\/nalinnes.org\/?page_id=2283","title":{"rendered":"Les Diamants"},"content":{"rendered":"\n<figure class=\"wp-block-image size-full is-style-rounded\"><img loading=\"lazy\" decoding=\"async\" width=\"1000\" height=\"619\" src=\"https:\/\/nalinnes.org\/wp-content\/uploads\/2024\/01\/diamants.jpg\" alt=\"\" class=\"wp-image-2286\" srcset=\"https:\/\/nalinnes.org\/wp-content\/uploads\/2024\/01\/diamants.jpg 1000w, https:\/\/nalinnes.org\/wp-content\/uploads\/2024\/01\/diamants-300x186.jpg 300w, https:\/\/nalinnes.org\/wp-content\/uploads\/2024\/01\/diamants-768x475.jpg 768w\" sizes=\"auto, (max-width: 1000px) 100vw, 1000px\" \/><\/figure>\n\n\n\n<div class=\"inherit-container-width wp-block-group is-layout-constrained wp-block-group-is-layout-constrained\">\n<div class=\"inherit-container-width wp-block-group is-layout-constrained wp-block-group-is-layout-constrained\">\n<p class=\"has-ast-global-color-6-color has-text-color has-background has-medium-font-size\" style=\"background-color:#00000061;line-height:2.3\">Il nous arrive parfois des aventures bien \u00e9tranges !<\/p>\n\n\n\n<p class=\"has-ast-global-color-6-color has-text-color has-background has-medium-font-size\" style=\"background-color:#00000061;line-height:2.3\">L\u2019autre jour, je me rendis chez le m\u00e9decin traitant (des maladies en g\u00e9n\u00e9ral).<br>Docteur : \u00ab Bonjour ! Qu\u2019est-ce qui vous arrive ? Je ne vous vois pas souvent. \u00c7a doit \u00eatre s\u00e9rieux \u00bb<br>Moi : \u00ab J\u2019ignore si c\u2019est s\u00e9rieux mais c\u2019est tr\u00e8s emb\u00eatant \u00bb<br>Docteur : \u00ab Racontez-moi \u00e7a ! \u00bb<br>Moi : \u00ab Eh bien, voil\u00e0 : Je chie du verre \u00bb<br>Docteur : \u00ab Pardon ? Du verre ? Vous voulez dire du vert ? Des miasmes inf\u00e2mes et malodorants pr\u00e9sentant la particularit\u00e9 d\u2019\u00eatre de couleur verte ? Ce n\u2019est pas tr\u00e8s grave ! \u00e7a s\u2019appelle la diarrh\u00e9e \u00bb<br>Moi : \u00ab Non, non, des morceaux de verre qui me grattent le trou balle au passage ! \u00e7a fait un mal de chien \u00bb.<br>Docteur : \u00ab Enfin, voyons, vous plaisantez, ce n\u2019est pas possible. Vous en avez aval\u00e9 ?\u00bb<br>Moi : \u00ab Quoi ? \u00bb<br>Docteur : \u00ab Ben, du verre. Vous \u00eates magicien ? Suicidaire ? Fakir ? \u00bb<br>Moi : \u00ab Non ! Rien de tout cela. C\u2019est juste que depuis une semaine, je chie du verre. Je vous ai apport\u00e9 un \u00e9chantillon. Vous voyez ?\u00bb<br>Dis-je en sortant un mouchoir de ma poche, le pr\u00e9sentant ouvert sur le bureau du praticien faisant para\u00eetre ainsi la production matinale de mon derri\u00e8re en feu. Un assortiment de morceaux heureusement taill\u00e9s et non coupant de toutes les couleurs. C\u2019\u00e9tait tr\u00e8s joli. Sans le drame que je vivais, nous aurions pu, lui et moi nous extasier devant une telle myriade de couleurs scintillantes exacerb\u00e9es par le spot lumineux du plafond. Le docteur en saisit une poign\u00e9e avec un air affect\u00e9 pour bien montrer qu\u2019il avait vu bien d\u2019autres \u00e9tranget\u00e9s au cours sa carri\u00e8re.<br>Il laissait couler les \u00e9l\u00e9ments \u00e0 travers ses doigts. Les rayons iris\u00e9s venaient frapper \u00e7\u00e0 et l\u00e0 les murs et le plafond. Je m\u2019attendais \u00e0 voir entrer Tony Manero et Stephanie Mangano pour entamer \u00ab How Deep Is Your Love \u00bb sous nos yeux \u00e9merveill\u00e9s.<br>Mais je fus vite ramen\u00e9 \u00e0 la r\u00e9alit\u00e9 quand le flux s\u2019interrompit.<br>Docteur : \u00ab C\u2019est \u00e9trange en effet. Rien qui puisse nous guider sur la cause de ce trouble ?\u00bb<br>Moi : \u00ab Je crains que non, malheureusement. Comme chaque matin je me pr\u00e9sente sur le tr\u00f4ne, ensuite, apr\u00e8s quelques pets, des bruits semblables \u00e0 une chute de gr\u00eale sur les carreaux, je produits ce que vous voyez sur la table. Rien d\u2019autre. Tous les jours, environ la m\u00eame quantit\u00e9. Au d\u00e9but, tout \u00e9tait transparent mais depuis trois jours, les couleurs sont apparues. Mon alimentation n\u2019a pas chang\u00e9 ni mon hygi\u00e8ne de vie. J\u2019ignore ce qui pourrait provoquer cette \u2026 anomalie \u00bb<br>Docteur : \u00ab Ni moi non plus, j\u2019ai bien peur. Puis-je garder cet \u00e9chantillon en vue d\u2019analyse ? \u00bb<br>Moi : \u00ab Faites Docteur, mais en attendant les r\u00e9sultats, que puis-je faire ? \u00bb<br>Docteur : \u00ab Rien, malheureusement. Il faut attendre la suite, j\u2019envoie \u00e7a tr\u00e8s vite. En attendant, vous pouvez compter les morceaux, \u00e7a vous passera le temps. Mais \u00e0 propos, comment les collectez-vous ? \u00bb<br>Moi : \u00ab Depuis deuxi\u00e8me jour, je m\u2019assieds sur un chinois. Enfin, je veux dire, une grande passoire que j\u2019ai emprunt\u00e9e dans la cuisine. Mon \u00e9pouse n\u2019est pas tr\u00e8s contente. Nous mangeons beaucoup de p\u00e2tes mais maintenant elle sait o\u00f9 la trouver si elle n\u2019est pas dans l\u2019armoire. J\u2019ai d\u00e9j\u00e0, r\u00e9colt\u00e9 une belle boite \u00e0 compartiments ; un pour les couleurs, un autre pour les transparents, comme \u00e0 la d\u00e9charge communale \u00bb<br>Docteur : \u00ab Bien, vous d\u00e9sirez un calmant ? C\u2019est tout ce que je peux faire pour l\u2019instant. Et puis quoi de plus naturel si votre intestin gr\u00eale \u00bb<br>Dit-il avec un grand sourire, fier de son jeu de mots.<br>Docteur : \u00ab il vaut mieux rire que pleurer, la grimace est plus belle \u00bb<br>Ajouta-t-il avec compassion, ce qui eut le don de me saper d\u00e9finitivement le moral.<br>Docteur : \u00ab Je peux aussi vous prescrire une cr\u00e8me pour les h\u00e9morro\u00efdes si vous le d\u00e9sirez \u00bb<br>Moi : \u00ab Merci, \u00e7a gratte un peu mais si vous observez les morceaux, il semblerait que les bords de soient pas coupants, comme s\u2019ils avaient \u00e9t\u00e9 taill\u00e9s \u00bb<br>Docteur : \u00ab Eh bien, voil\u00e0 ! Je vous appelle d\u00e8s que j\u2019ai des nouvelles. C\u2019est 36\u20ac \u00bb<br>Je quittai donc le cabinet du praticien pas plus rassur\u00e9 qu\u2019en y entrant.<br>Quelques jours plus tard, tandis que je transvasais le contenu de mes d\u00e9jections dans une bo\u00eete plus ample \u2013 J\u2019avais achet\u00e9 un frigo box avec deux subdivisions \u2013 je t\u00e9l\u00e9phone r\u00e9sonna.<br>Docteur : \u00ab Oui, Docteur \u00ab biiiiiiip \u00bb \u00e0 l\u2019appareil, vous avez un instant ? je viens de recevoir les r\u00e9sultats d\u2019Anvers, \u00e7a a pris plus de temps que pr\u00e9vu mais le laboratoire voulait des confirmations \u00bb<br>Moi : \u00ab Vous envoyez vos demandes d\u2019examen dans les Flandres ? C\u2019est un peu loin, non ? \u00bb<br>Docteur : \u00ab je vous le conc\u00e8de, mais votre cas est sp\u00e9cial. Le Labo de Charleroi voulait une nouvelle analyse \u00bb j\u2019ai les r\u00e9sultats sous les yeux. Mr Ramakrishna Vattikuti, de \u00abVattikuti, Barsiaman &amp; Rappaport \u00bb diamantaire dans le quartier de la Gare, confirme, je vous lis : diamants, \u00e9meraudes, rubis, saphirs, topazes, citrines, chrysob\u00e9ryls, ammolites de tr\u00e8s grandes qualit\u00e9s. Pas de d\u00e9faut. Comme convenu nous avons transf\u00e9r\u00e9 l\u2019arg\u2026 hmmh hhhm, pardon, ce sont des d\u00e9tails professionnels sans importance. Vous vous rendez compte ? Quelle chance ! F\u00e9licitation ! vous d\u00e9f\u00e9quez des pierres fines et pr\u00e9cieuses ! \u00bb<br>Moi : \u00ab Quelle chance ? Vous en avez de bonnes vous. Ce n\u2019est pas marrant d\u2019exploser la fa\u00efence tous les matins. Je suis inquiet et stress\u00e9. J\u2019aimerais que \u00e7a s\u2019arr\u00eate. Je voudrais savoir de quoi je souffre \u00bb<br>Docteur : \u00ab Ecoutez, ne faites pas la fine bouche. Soyez heureux ! Vous \u00eatre riche ! Priez plut\u00f4t pour que \u00e7a dure. Prenez \u00e7a du bon c\u00f4t\u00e9, si je puis dire. Allez, au revoir, tenez-moi au courant \u00bb<br>Moi \u00ab Euh, pour l\u2019\u00e9chantillon, vous pensez me le rendre quand ? \u00bb<br>Docteur : \u00ab hmmm, heu, vous savez ce sont des examens couteux et ils ont d\u00fb piller une grande partie des pierres pour confirmer les soup\u00e7ons. Je ne vous fais pas payer l\u2019examen. Soyez content. Allez, au revoir, au revoir, au \u2026 clic \u00bb.<br>Voil\u00e0, je devins extr\u00eamement riche comme tant d\u2019autres, gr\u00e2ce \u00e0 mon cul. Apr\u00e8s quelque temps la production s\u2019est estomp\u00e9e jusqu\u2019au jour o\u00f9 je souillai totalement la passoire d\u2019un gros tas merdal absent de toute valeur v\u00e9nale mais emplis d\u2019un bonheur \u00e0 nouveau retrouv\u00e9.<br>Je d\u00e9couvre encore parfois une petite am\u00e9thyste ou une agate de pi\u00e8tre qualit\u00e9 que je peine \u00e0 filtrer avec ma toute nouvelle passoire. Je l\u2019envoie \u00e0 Rama qui depuis est devenu mon ami.<br>Cela me permet de verser les imp\u00f4ts de la soci\u00e9t\u00e9 que j\u2019ai cr\u00e9\u00e9e en vue d\u2019\u00e9viter des ennuis avec le fisc.<\/p>\n\n\n\n<div class=\"wp-block-group is-vertical is-layout-flex wp-container-core-group-is-layout-fe9cc265 wp-block-group-is-layout-flex\"><\/div>\n<\/div>\n<\/div>\n","protected":false},"excerpt":{"rendered":"<p>Il nous arrive parfois des aventures bien \u00e9tranges ! L\u2019autre jour, je me rendis chez le m\u00e9decin traitant (des maladies en g\u00e9n\u00e9ral).Docteur : \u00ab Bonjour ! Qu\u2019est-ce qui vous arrive ? Je ne vous vois pas souvent. \u00c7a doit \u00eatre s\u00e9rieux \u00bbMoi : \u00ab J\u2019ignore si c\u2019est s\u00e9rieux mais c\u2019est tr\u00e8s emb\u00eatant \u00bbDocteur : \u00ab [&hellip;]<\/p>\n","protected":false},"author":1,"featured_media":0,"parent":0,"menu_order":0,"comment_status":"closed","ping_status":"closed","template":"","meta":{"site-sidebar-layout":"default","site-content-layout":"","ast-site-content-layout":"","site-content-style":"default","site-sidebar-style":"default","ast-global-header-display":"","ast-banner-title-visibility":"","ast-main-header-display":"","ast-hfb-above-header-display":"","ast-hfb-below-header-display":"","ast-hfb-mobile-header-display":"","site-post-title":"","ast-breadcrumbs-content":"","ast-featured-img":"","footer-sml-layout":"","theme-transparent-header-meta":"","adv-header-id-meta":"","stick-header-meta":"","header-above-stick-meta":"","header-main-stick-meta":"","header-below-stick-meta":"","astra-migrate-meta-layouts":"default","ast-page-background-enabled":"default","ast-page-background-meta":{"desktop":{"background-color":"var(--ast-global-color-4)","background-image":"","background-repeat":"repeat","background-position":"center center","background-size":"auto","background-attachment":"scroll","background-type":"","background-media":"","overlay-type":"","overlay-color":"","overlay-gradient":""},"tablet":{"background-color":"","background-image":"","background-repeat":"repeat","background-position":"center center","background-size":"auto","background-attachment":"scroll","background-type":"","background-media":"","overlay-type":"","overlay-color":"","overlay-gradient":""},"mobile":{"background-color":"","background-image":"","background-repeat":"repeat","background-position":"center center","background-size":"auto","background-attachment":"scroll","background-type":"","background-media":"","overlay-type":"","overlay-color":"","overlay-gradient":""}},"ast-content-background-meta":{"desktop":{"background-color":"var(--ast-global-color-5)","background-image":"","background-repeat":"repeat","background-position":"center center","background-size":"auto","background-attachment":"scroll","background-type":"","background-media":"","overlay-type":"","overlay-color":"","overlay-gradient":""},"tablet":{"background-color":"var(--ast-global-color-5)","background-image":"","background-repeat":"repeat","background-position":"center center","background-size":"auto","background-attachment":"scroll","background-type":"","background-media":"","overlay-type":"","overlay-color":"","overlay-gradient":""},"mobile":{"background-color":"var(--ast-global-color-5)","background-image":"","background-repeat":"repeat","background-position":"center center","background-size":"auto","background-attachment":"scroll","background-type":"","background-media":"","overlay-type":"","overlay-color":"","overlay-gradient":""}},"footnotes":""},"class_list":["post-2283","page","type-page","status-publish","hentry"],"_links":{"self":[{"href":"https:\/\/nalinnes.org\/index.php?rest_route=\/wp\/v2\/pages\/2283","targetHints":{"allow":["GET"]}}],"collection":[{"href":"https:\/\/nalinnes.org\/index.php?rest_route=\/wp\/v2\/pages"}],"about":[{"href":"https:\/\/nalinnes.org\/index.php?rest_route=\/wp\/v2\/types\/page"}],"author":[{"embeddable":true,"href":"https:\/\/nalinnes.org\/index.php?rest_route=\/wp\/v2\/users\/1"}],"replies":[{"embeddable":true,"href":"https:\/\/nalinnes.org\/index.php?rest_route=%2Fwp%2Fv2%2Fcomments&post=2283"}],"version-history":[{"count":2,"href":"https:\/\/nalinnes.org\/index.php?rest_route=\/wp\/v2\/pages\/2283\/revisions"}],"predecessor-version":[{"id":2287,"href":"https:\/\/nalinnes.org\/index.php?rest_route=\/wp\/v2\/pages\/2283\/revisions\/2287"}],"wp:attachment":[{"href":"https:\/\/nalinnes.org\/index.php?rest_route=%2Fwp%2Fv2%2Fmedia&parent=2283"}],"curies":[{"name":"wp","href":"https:\/\/api.w.org\/{rel}","templated":true}]}}