{"id":2252,"date":"2023-08-09T09:23:23","date_gmt":"2023-08-09T09:23:23","guid":{"rendered":"https:\/\/nalinnes.org\/?page_id=2252"},"modified":"2023-08-18T07:25:53","modified_gmt":"2023-08-18T07:25:53","slug":"ia","status":"publish","type":"page","link":"https:\/\/nalinnes.org\/?page_id=2252","title":{"rendered":"IA+"},"content":{"rendered":"\n<figure class=\"wp-block-image size-full is-resized is-style-default\"><img loading=\"lazy\" decoding=\"async\" src=\"https:\/\/nalinnes.org\/wp-content\/uploads\/2023\/08\/IA.jpg\" alt=\"\" class=\"wp-image-2273\" width=\"596\" height=\"461\" srcset=\"https:\/\/nalinnes.org\/wp-content\/uploads\/2023\/08\/IA.jpg 384w, https:\/\/nalinnes.org\/wp-content\/uploads\/2023\/08\/IA-300x232.jpg 300w\" sizes=\"auto, (max-width: 596px) 100vw, 596px\" \/><\/figure>\n\n\n\n<div class=\"inherit-container-width wp-block-group is-layout-constrained wp-block-group-is-layout-constrained\">\n<div class=\"inherit-container-width wp-block-group is-layout-constrained wp-block-group-is-layout-constrained\">\n<p><\/p>\n\n\n\n<p class=\"has-ast-global-color-6-color has-text-color has-background has-medium-font-size\" style=\"background-color:#00000061;line-height:2.3\">Or donc, il semblerait que les \u00e9quipes de Mark Zuckerberg sont en passe de tester un nouveau concept.<br>Selon certaines sources, \u00e7a va s\u2019appeler AI+ pour \u00abArtificial Idiocy\u00bb, IA+ en Fran\u00e7ais pour \u00abInintelligence Artificielle\u00bb.<br>Il semblerait que la version (gros) Beta soit d\u00e9j\u00e0 en test sur certain groupes Facebook\u00a9.<br>En gros, il s\u2019agit pour la soci\u00e9t\u00e9 Meta\u00a9 de d\u00e9tecter des conversations dans lesquelles se trouvent certaines occurrences et selon le cas, larguer des r\u00e9ponses haineuses via des m\u00e9canismes complexes dont les concepteurs eux-m\u00eames ignorent les contours.<br>Un exemple ? Aller ! je suis de bonne humeur. En voici un :<br>Vous suivez un groupe qui se concentre sur les activit\u00e9s et les \u00e9v\u00e9nements d\u2019une commune.<br>Un soir, vous voulez partager un sentiment avec les membres et vous \u00e9crivez ceci :<\/p>\n\n\n\n<p class=\"has-ast-global-color-6-color has-text-color has-background has-medium-font-size\" style=\"background-color:#00000061;line-height:2.3\">\u00ab Quelle joie ce soir sur ma terrasse de contempler les moissonneuses r\u00e9colter les grains dor\u00e9s par le soleil g\u00e9n\u00e9reux de ces derniers mois.<br>Qu\u2019il est doux \u00e0 mes oreilles le son du dur labeur des cultivateurs qui mettra un terme \u00e0 un cycle cent fois renouvel\u00e9 !<br>Quel plaisir pour mes yeux ces allers-retours du tracteur qui soudain passe sous le soleil bient\u00f4t couchant prodiguant une ombre infinie sur la terre enfin lib\u00e9r\u00e9e du grain qui, bient\u00f4t nourrira l\u2019humanit\u00e9.<br>Quel bonheur de vivre dans ce village qui nous pr\u00e9serve de l\u2019agitation des grandes cit\u00e9s\u2026 \u00bb<br>Tout \u00e0 coup, en moins de 30 secondes, l\u2019AI+ se met en branle car elle a d\u00e9tect\u00e9 des \u00ab mots cl\u00e9s \u00bb (ici : Tracteur et cultivateurs) enclenchant une r\u00e9action instantan\u00e9e.<br>\u00ab Retourne en vil si tes pas contante \u00bb<br>\u00ab Les fairmier nounou rice, rentre chez toi \u00bb<br>\u00ab Madam, sa sapelle un vilage ! si vou naite pas contante, ces la porte \u00bb<br>Vous r\u00e9agissez de m\u00eame, arguant que vous ne faisiez que partager comme beaucoup justement ces beaux moments et que vous ne voyez aucune raison pour quitter le village o\u00f9 vous \u00eates n\u00e9e, mais rien n\u2019y fait. L\u2019AI+ vous a point\u00e9e. Vous \u00eates devenue la proie \u00e0 abattre. Le vilain canard. Vous \u00eates morte ! les consultations en psychanalyse vont vous couter un bras pour oublier ce mauvais moment.<br>Le temps va passer. Le \u00ab Groupe \u00bb aura oubli\u00e9 votre outrecuidance mais vous aurez sombr\u00e9 dans l\u2019alcool pour toujours.<br>Je pense que ce groupe est actuellement l\u2019une des cibles de ce nouveau concept de la firme de Menlo Park, Californie.<br>Ou bien, je me fourvoie terriblement et ce type de r\u00e9actions en cha\u00eene n\u2019est autre que le fruit d\u2019un tr\u00e8s vieux logiciel appel\u00e9 BH pour B\u00eatise Humaine.<\/p>\n\n\n\n<p><\/p>\n<\/div>\n<\/div>\n","protected":false},"excerpt":{"rendered":"<p>Or donc, il semblerait que les \u00e9quipes de Mark Zuckerberg sont en passe de tester un nouveau concept.Selon certaines sources, \u00e7a va s\u2019appeler AI+ pour \u00abArtificial Idiocy\u00bb, IA+ en Fran\u00e7ais pour \u00abInintelligence Artificielle\u00bb.Il semblerait que la version (gros) Beta soit d\u00e9j\u00e0 en test sur certain groupes Facebook\u00a9.En gros, il s\u2019agit pour la soci\u00e9t\u00e9 Meta\u00a9 de [&hellip;]<\/p>\n","protected":false},"author":1,"featured_media":0,"parent":0,"menu_order":0,"comment_status":"closed","ping_status":"closed","template":"","meta":{"site-sidebar-layout":"default","site-content-layout":"","ast-site-content-layout":"","site-content-style":"default","site-sidebar-style":"default","ast-global-header-display":"","ast-banner-title-visibility":"","ast-main-header-display":"","ast-hfb-above-header-display":"","ast-hfb-below-header-display":"","ast-hfb-mobile-header-display":"","site-post-title":"","ast-breadcrumbs-content":"","ast-featured-img":"","footer-sml-layout":"","theme-transparent-header-meta":"","adv-header-id-meta":"","stick-header-meta":"","header-above-stick-meta":"","header-main-stick-meta":"","header-below-stick-meta":"","astra-migrate-meta-layouts":"default","ast-page-background-enabled":"default","ast-page-background-meta":{"desktop":{"background-color":"var(--ast-global-color-4)","background-image":"","background-repeat":"repeat","background-position":"center center","background-size":"auto","background-attachment":"scroll","background-type":"","background-media":"","overlay-type":"","overlay-color":"","overlay-gradient":""},"tablet":{"background-color":"","background-image":"","background-repeat":"repeat","background-position":"center center","background-size":"auto","background-attachment":"scroll","background-type":"","background-media":"","overlay-type":"","overlay-color":"","overlay-gradient":""},"mobile":{"background-color":"","background-image":"","background-repeat":"repeat","background-position":"center center","background-size":"auto","background-attachment":"scroll","background-type":"","background-media":"","overlay-type":"","overlay-color":"","overlay-gradient":""}},"ast-content-background-meta":{"desktop":{"background-color":"var(--ast-global-color-5)","background-image":"","background-repeat":"repeat","background-position":"center center","background-size":"auto","background-attachment":"scroll","background-type":"","background-media":"","overlay-type":"","overlay-color":"","overlay-gradient":""},"tablet":{"background-color":"var(--ast-global-color-5)","background-image":"","background-repeat":"repeat","background-position":"center center","background-size":"auto","background-attachment":"scroll","background-type":"","background-media":"","overlay-type":"","overlay-color":"","overlay-gradient":""},"mobile":{"background-color":"var(--ast-global-color-5)","background-image":"","background-repeat":"repeat","background-position":"center center","background-size":"auto","background-attachment":"scroll","background-type":"","background-media":"","overlay-type":"","overlay-color":"","overlay-gradient":""}},"footnotes":""},"class_list":["post-2252","page","type-page","status-publish","hentry"],"_links":{"self":[{"href":"https:\/\/nalinnes.org\/index.php?rest_route=\/wp\/v2\/pages\/2252","targetHints":{"allow":["GET"]}}],"collection":[{"href":"https:\/\/nalinnes.org\/index.php?rest_route=\/wp\/v2\/pages"}],"about":[{"href":"https:\/\/nalinnes.org\/index.php?rest_route=\/wp\/v2\/types\/page"}],"author":[{"embeddable":true,"href":"https:\/\/nalinnes.org\/index.php?rest_route=\/wp\/v2\/users\/1"}],"replies":[{"embeddable":true,"href":"https:\/\/nalinnes.org\/index.php?rest_route=%2Fwp%2Fv2%2Fcomments&post=2252"}],"version-history":[{"count":15,"href":"https:\/\/nalinnes.org\/index.php?rest_route=\/wp\/v2\/pages\/2252\/revisions"}],"predecessor-version":[{"id":2275,"href":"https:\/\/nalinnes.org\/index.php?rest_route=\/wp\/v2\/pages\/2252\/revisions\/2275"}],"wp:attachment":[{"href":"https:\/\/nalinnes.org\/index.php?rest_route=%2Fwp%2Fv2%2Fmedia&parent=2252"}],"curies":[{"name":"wp","href":"https:\/\/api.w.org\/{rel}","templated":true}]}}