{"id":2228,"date":"2022-09-20T06:09:05","date_gmt":"2022-09-20T06:09:05","guid":{"rendered":"https:\/\/nalinnes.org\/?page_id=2228"},"modified":"2022-09-20T06:10:29","modified_gmt":"2022-09-20T06:10:29","slug":"quad","status":"publish","type":"page","link":"https:\/\/nalinnes.org\/?page_id=2228","title":{"rendered":"Quad"},"content":{"rendered":"\n<figure class=\"wp-block-image size-full is-resized is-style-rounded\"><img loading=\"lazy\" decoding=\"async\" src=\"https:\/\/nalinnes.org\/wp-content\/uploads\/2022\/09\/Quad.jpg\" alt=\"\" class=\"wp-image-2230\" width=\"412\" height=\"273\"\/><\/figure>\n\n\n\n<p class=\"has-ast-global-color-6-color has-text-color has-background has-medium-font-size\" style=\"background-color:#0792e3d9;line-height:2.3\">Or donc, l\u2019autre jour, je voyais passer une \u201chorde\u201d de quads devant notre demeure en haut de la rue de Gourdinne.<br>Ils \u00e9taient trois. Un bleu, un blanc et un rouge(peut-\u00eatre des citoyens fran\u00e7ais).<br>A leur troisi\u00e8me passage, je d\u00e9cidai de me poser au milieu de la route non pas pour jouer les h\u00e9ros, mais bien pour signifier qu\u2019on parlait d\u2019eux dans Nalin-nous, et pas qu\u2019en bien !<br>Toutefois, ils s\u2019arr\u00eat\u00e8rent (J\u2019\u00e9tais couch\u00e9 sur la route, fumant une cigarette).<br>Bleu : \u00ab H\u00e9 vieux, tu peux bouger ta carcasse avant qu\u2019on te passe dessure \u00bb<br>Je devinai de suite l\u2019accent du d\u00e9c\u00e9r\u00e9br\u00e9 lambda.<br>Blanc \u00ab Ouais, d\u00e9gage vieux, au sinon, on va casser ta gueule \u00bb<br>ouh l\u00e0 l\u00e0, me dis-je, nous avons affaire \u00e0 des cr\u00e9tins.<br>Rouge \u00ab Tu bouges, au sinon t\u2019auras mal \u00bb<br>Je terminai ma cigarette, toujours en observant la Lune et pensant aux merveilleux clich\u00e9s de Jo Backer (entre autres) partag\u00e9s sur cette page.<br>Moi \u00ab Tout d\u2019abord, on ne dit pas \u00ab dessure \u00bb, mais dessus. Ensuite, \u00ab on va casser ta gueule \u00bb n\u2019a pas de sens, on dit \u00ab on va TE casser la gueule \u00bb et, enfin, \u00ab au sinon \u00bb existe dans notre langage, mais n\u2019est pas recommand\u00e9 dans l\u2019usage. Faites attention les gars, parlez fran\u00e7ais ! \u00bb.<br>Blanc \u00ab Toi, tu vourrais vraiment qu\u2019on taperait sur ta t\u00e9\u00e9\u00e9\u00e9te \u00bb<br>Moi \u00ab Encore une fois, vous devriez r\u00e9viser votre Grevisse au lieu de passer votre temps assis sur une mobylette \u00e0 quatre roues \u00bb<br>Bleu \u00ab Grevisse ? C\u2019est quoi \u00e7a ? Tu veux que je revisse ton front sur la route, c\u2019est \u00e7a ? \u00bb<br>Moi \u00ab Pfffffff \u00bb<br>Je me levai.<br>Moi \u00ab \u00e9coutez les gars, vous faites beaucoup de bruit en passant et repassant sans cesse dans le village, \u00e0 n&#8217;importe quelle heure. Il me semble opportun de penser parfois \u00e0 rendre \u00e0 notre faune, la qui\u00e9tude qui lui est due \u00bb.<br>Rouge \u00ab Keskidi ? Comprends rien ! \u00bb<br>Moi \u00ab On dit : Je ne suis pas certain d\u2019avoir saisi le sens de vos propos. Je veux simplement signaler que vous perturbez notre environnement. Je ne suis pas sans savoir que ce confinement insinue en vous, et en nous tous, un trouble anxiog\u00e8ne, et, par l\u00e0 m\u00eame vous pousse \u00e0 rel\u00e2cher vos esprits obtus, cependant, me semble-t-il, il serait judicieux de bien vouloir \u00e9viter un chaos qui ne fait qu\u2019ajouter une certaine lassitude pour vos concitoyens. On parle de vous dans les r\u00e9seaux sociaux, la col\u00e8re gronde, il en est m\u00eame qui pourrait vous jeter des canettes de bi\u00e8re \u00e0 la t\u00eate lors de votre passage, vous faites bien de porter un casque !\u00bb.<br>Blanc \u00ab Moi, j\u2019en peux plus, je comprends rien \u00e0 skidi, y\u2019m fatigue, j\u2019ai mal \u00e0 ma t\u00e9\u00e9\u00e9\u00e9te, on rentre !\u00bb<br>Bleu \u00ab D\u2019akooor \u00bb<br>Rouge \u00ab D\u2019akooor\u00bb<br>Moi \u00ab Soyez prudents, les canettes volent bas et, s\u2019il vous plait, restez en premi\u00e8re, il existe des tas d\u2019endroits o\u00f9 vous pourriez vous amusez avec ce type d\u2019engin, renseignez-vous, amusez-vous, mais \u00e9vitez, sans que, pour ma part vouloir \u00eatre inconvenant, de tourner en rond dans le village\u00bb<br>Blanc\/Rouge\/Bleu \u00ab Hein ? \u00bb<br>Blanc \u00ab Allez les gars, on s\u2019en va, ce type me saoule, \u00e7a doit \u00eatre un d\u00e9b\u00e8le \u00bb<br>Moi \u00ab On dit : D\u00e9bile, Salut les jeunes, et bonne route\u00bb<br>Ils s\u2019en all\u00e8rent calmement. Je voyais de loin leur regard vide au travers de leur casque, se demandant encore ce que signifiait le mot \u00ab anxiog\u00e8ne \u00bb<\/p>\n","protected":false},"excerpt":{"rendered":"<p>Or donc, l\u2019autre jour, je voyais passer une \u201chorde\u201d de quads devant notre demeure en haut de la rue de Gourdinne.Ils \u00e9taient trois. Un bleu, un blanc et un rouge(peut-\u00eatre des citoyens fran\u00e7ais).A leur troisi\u00e8me passage, je d\u00e9cidai de me poser au milieu de la route non pas pour jouer les h\u00e9ros, mais bien pour [&hellip;]<\/p>\n","protected":false},"author":1,"featured_media":0,"parent":0,"menu_order":0,"comment_status":"closed","ping_status":"closed","template":"","meta":{"site-sidebar-layout":"default","site-content-layout":"","ast-site-content-layout":"","site-content-style":"default","site-sidebar-style":"default","ast-global-header-display":"","ast-banner-title-visibility":"","ast-main-header-display":"","ast-hfb-above-header-display":"","ast-hfb-below-header-display":"","ast-hfb-mobile-header-display":"","site-post-title":"","ast-breadcrumbs-content":"","ast-featured-img":"","footer-sml-layout":"","theme-transparent-header-meta":"","adv-header-id-meta":"","stick-header-meta":"","header-above-stick-meta":"","header-main-stick-meta":"","header-below-stick-meta":"","astra-migrate-meta-layouts":"default","ast-page-background-enabled":"default","ast-page-background-meta":{"desktop":{"background-color":"var(--ast-global-color-4)","background-image":"","background-repeat":"repeat","background-position":"center center","background-size":"auto","background-attachment":"scroll","background-type":"","background-media":"","overlay-type":"","overlay-color":"","overlay-gradient":""},"tablet":{"background-color":"","background-image":"","background-repeat":"repeat","background-position":"center center","background-size":"auto","background-attachment":"scroll","background-type":"","background-media":"","overlay-type":"","overlay-color":"","overlay-gradient":""},"mobile":{"background-color":"","background-image":"","background-repeat":"repeat","background-position":"center center","background-size":"auto","background-attachment":"scroll","background-type":"","background-media":"","overlay-type":"","overlay-color":"","overlay-gradient":""}},"ast-content-background-meta":{"desktop":{"background-color":"var(--ast-global-color-5)","background-image":"","background-repeat":"repeat","background-position":"center center","background-size":"auto","background-attachment":"scroll","background-type":"","background-media":"","overlay-type":"","overlay-color":"","overlay-gradient":""},"tablet":{"background-color":"var(--ast-global-color-5)","background-image":"","background-repeat":"repeat","background-position":"center center","background-size":"auto","background-attachment":"scroll","background-type":"","background-media":"","overlay-type":"","overlay-color":"","overlay-gradient":""},"mobile":{"background-color":"var(--ast-global-color-5)","background-image":"","background-repeat":"repeat","background-position":"center center","background-size":"auto","background-attachment":"scroll","background-type":"","background-media":"","overlay-type":"","overlay-color":"","overlay-gradient":""}},"footnotes":""},"class_list":["post-2228","page","type-page","status-publish","hentry"],"_links":{"self":[{"href":"https:\/\/nalinnes.org\/index.php?rest_route=\/wp\/v2\/pages\/2228","targetHints":{"allow":["GET"]}}],"collection":[{"href":"https:\/\/nalinnes.org\/index.php?rest_route=\/wp\/v2\/pages"}],"about":[{"href":"https:\/\/nalinnes.org\/index.php?rest_route=\/wp\/v2\/types\/page"}],"author":[{"embeddable":true,"href":"https:\/\/nalinnes.org\/index.php?rest_route=\/wp\/v2\/users\/1"}],"replies":[{"embeddable":true,"href":"https:\/\/nalinnes.org\/index.php?rest_route=%2Fwp%2Fv2%2Fcomments&post=2228"}],"version-history":[{"count":2,"href":"https:\/\/nalinnes.org\/index.php?rest_route=\/wp\/v2\/pages\/2228\/revisions"}],"predecessor-version":[{"id":2231,"href":"https:\/\/nalinnes.org\/index.php?rest_route=\/wp\/v2\/pages\/2228\/revisions\/2231"}],"wp:attachment":[{"href":"https:\/\/nalinnes.org\/index.php?rest_route=%2Fwp%2Fv2%2Fmedia&parent=2228"}],"curies":[{"name":"wp","href":"https:\/\/api.w.org\/{rel}","templated":true}]}}