{"id":2224,"date":"2022-09-20T06:06:49","date_gmt":"2022-09-20T06:06:49","guid":{"rendered":"https:\/\/nalinnes.org\/?page_id=2224"},"modified":"2022-09-20T06:08:30","modified_gmt":"2022-09-20T06:08:30","slug":"ulm","status":"publish","type":"page","link":"https:\/\/nalinnes.org\/?page_id=2224","title":{"rendered":"Paramoteur"},"content":{"rendered":"\n<p class=\"has-ast-global-color-6-color has-text-color has-background has-medium-font-size\" style=\"background-color:#0792e3d9;line-height:2.3\">Or donc, l\u2019autre jour, alors que j\u2019\u00e9tais aff\u00e9r\u00e9 \u00e0 regonfler les pneus de mon tracteur-tondeuse (Makro \u2013 1399 \u20ac) \u2013 oui, je sais, j\u2019ai d\u00e9cid\u00e9 de me faire sponsoris\u00e9, d\u00e9sol\u00e9 \u2013 \u00e0 l\u2019aide d\u2019un compresseur (Revolution-air \u2013 \u00e7a ne s\u2019invente pas \u2013 8 bars Mr Bricolage &#8211; 145 \u20ac), je d\u00e9cidai de faire une pause sur un transat (Aldi \u2013 69\u20ac).<br>Je portais ce jour-l\u00e0, un t-shirt Jaune fluo tr\u00e8s ample (Trafic 3,15\u20ac pour les dix).<br>J\u2019oubliais de signaler que nous demeurons rue de Gourdinne (en ce moment trottoirs et route en pleine r\u00e9novation gr\u00e2ce \u00e0 notre bon bourgmestre, merci ! merci ! merci ! \u2013 \u00e7a c\u2019est pour un emploi \u00e9ventuel au cas o\u00f9).<br>Il se fait que mon Jack Russel (L\u00e9o &#8211; \u00e0 donner \u2013 trop speed !), avait emport\u00e9 le tuyau du compresseur sur le fauteuil dans lequel je m\u2019appr\u00eatais \u00e0 m\u2019asseoir (il est tr\u00e8s taquin).<br>Concours de circonstances me direz-vous ? Au moment m\u00eame o\u00f9 je prenais place sur le si\u00e8ge (tr\u00e8s confortable au demeurant), l\u2019un des pieds de celui-ci effleura l\u2019interrupteur du compresseur tandis que le tuyau, allez savoir comment, venait s\u2019introduire au plus profond de mon fondement. Il est vrai, je portais un short et un boxer de chez Zeman (30 cents pour les 15 \u2013 pas tr\u00e8s solides, je dois le signaler \u2013 j\u2019ai un contrat avec Test-Achats).<br>On peut ais\u00e9ment imaginer la suite(ne riez pas, c\u2019est vrai !).<br>Je crois n\u2019avoir jamais \u00e9mis son plus aigu dans ma vie, mais cependant que la pression montait, le vent (Est-Nord-Est) se levait.<br>Je m\u2019\u00e9levai donc dans les airs, encourag\u00e9 par mon chien qui aboyait et mon \u00e9pouse qui applaudissait \u00e0 tout rompre, trouvant cette nouvelle fac\u00e9tie des plus originale.<br>Tr\u00e8s vite je me trouvai \u00e0 15-20 m\u00e8tres dans les airs. Je dois dire que, vu de l\u00e0, et ce, malgr\u00e9 la l\u00e9g\u00e8re pression qui pesait sur mes intestins, le panorama \u00e9tait des plus int\u00e9ressant.<br>Un moment, le c\u00e2ble fournissant l\u2019air du compresseur se d\u00e9tacha et je m\u2019en allai clopin-clopant, emport\u00e9 par la brise(!) et retenant mon souffle pour \u00e9viter un courant d\u2019air qui m\u2019eut assur\u00e9ment valu une chute pour le moins mortelle.<br>Je d\u00e9rivais vers les \u00e9tang de Fontenelle, inexorablement. Je voyais, au loin d\u2019improbables p\u00eacheurs de carpes. La situation \u00e9tais pour le moins ridicule.<br>J\u2019\u00e9tais, alors \u00e0 40 m\u00e8tres \u00e0 l\u2019aplomb du plan d\u2019eau, observ\u00e9 par les carpistes qui, je n\u2019en doute pas, vu la distance et le soleil, croyaient voir en moi un ULM \u00e0 voile jaune en difficult\u00e9.<br>Tout \u00e0 coup, le combat changea d&#8217;\u00e2me, l&#8217;espoir changea de camp (ah non !, \u00e7a c\u2019est Victor Hugo, pardon). Tout \u00e0 coup (j\u2019en vois qui ne suivent pas, votre attention s\u2019il vous plait, ce n\u2019est pas dr\u00f4le ce qui m\u2019est arriv\u00e9 !), le vent changea de direction et m\u2019emporta vers le bois du moulin. N\u2019y pouvant plus, je rel\u00e2chai la pression, doucement, pour \u00e9viter une chute rapide et atterrir, tel un fier cormoran, \u00e0 l\u2019or\u00e9e du bois, rue Lavalle, aux environs de l\u2019all\u00e9e nord. Fier n\u2019est pas le mot ad\u00e9quat ! Mon \u00e9pouse, qui m\u2019avais suivi jusque-l\u00e0, de loin, avec notre Peugeot 2008 (Garage De Ro \u2013 Marcinelle \u2013 prix \u00e0 d\u00e9battre) me trouva l\u00e0, un tantinet sonn\u00e9, \u00e0 5 m\u00e8tres au bord du chemin qui m\u00e8ne \u00e0 Thy-le-Ch\u00e2teau.<br>Nous rentr\u00e2mes bien vite esp\u00e9rant que les cons\u00e9quences de ce vol fussent vite oubli\u00e9es, si ce n\u2019est, une douleur fulgurante.<br>Par la suite, j\u2019appris que tout fut mis en \u0153uvre pour retrouver un Paramoteur en difficult\u00e9 sur Nalinnes et ses environs.<br>Vous comprendrez facilement que la honte fut plus forte que moi. En r\u00e9alisant les proportions que ce \u00ab Voyage en Ballon \u00bb (Jules Verne \u2013 1863- Amazon \u2013 8,45\u20ac &#8211; frais de livraison inclus) avaient provoqu\u00e9, j\u2019ai d\u00e9cid\u00e9 ici m\u00eame de passer aux aveux.<br>La seule bonne nouvelle dans cette aventure est que mon \u00e9pouse, qui me force, vu mes 50 ans pass\u00e9s, \u00e0 l\u2019(ignoble) examen prostatique, en a profit\u00e9 pour envoyer le tuyau du compresseur pour analyse. Je viens de recevoir les r\u00e9sultats : N\u00e9gatifs !<\/p>\n\n\n\n<p class=\"has-ast-global-color-6-color has-text-color has-background has-medium-font-size\" style=\"background-color:#0792e3d9;line-height:2.3\">Je tiens encore une fois \u00e0 pr\u00e9senter mes excuses aupr\u00e8s de la mar\u00e9chauss\u00e9e, des services de recherche, et de notre bourgmestre d\u2019avoir cr\u00e9\u00e9 le trouble dans notre calme commune.<\/p>\n\n\n\n<p class=\"has-ast-global-color-6-color has-text-color has-background has-medium-font-size\" style=\"background-color:#0792e3d9;line-height:2.3\">Je d\u00e9sire oublier cet \u00e9v\u00e9nement !<\/p>\n","protected":false},"excerpt":{"rendered":"<p>Or donc, l\u2019autre jour, alors que j\u2019\u00e9tais aff\u00e9r\u00e9 \u00e0 regonfler les pneus de mon tracteur-tondeuse (Makro \u2013 1399 \u20ac) \u2013 oui, je sais, j\u2019ai d\u00e9cid\u00e9 de me faire sponsoris\u00e9, d\u00e9sol\u00e9 \u2013 \u00e0 l\u2019aide d\u2019un compresseur (Revolution-air \u2013 \u00e7a ne s\u2019invente pas \u2013 8 bars Mr Bricolage &#8211; 145 \u20ac), je d\u00e9cidai de faire une pause [&hellip;]<\/p>\n","protected":false},"author":1,"featured_media":0,"parent":0,"menu_order":0,"comment_status":"closed","ping_status":"closed","template":"","meta":{"site-sidebar-layout":"default","site-content-layout":"","ast-site-content-layout":"","site-content-style":"default","site-sidebar-style":"default","ast-global-header-display":"","ast-banner-title-visibility":"","ast-main-header-display":"","ast-hfb-above-header-display":"","ast-hfb-below-header-display":"","ast-hfb-mobile-header-display":"","site-post-title":"","ast-breadcrumbs-content":"","ast-featured-img":"","footer-sml-layout":"","theme-transparent-header-meta":"","adv-header-id-meta":"","stick-header-meta":"","header-above-stick-meta":"","header-main-stick-meta":"","header-below-stick-meta":"","astra-migrate-meta-layouts":"default","ast-page-background-enabled":"default","ast-page-background-meta":{"desktop":{"background-color":"var(--ast-global-color-4)","background-image":"","background-repeat":"repeat","background-position":"center center","background-size":"auto","background-attachment":"scroll","background-type":"","background-media":"","overlay-type":"","overlay-color":"","overlay-gradient":""},"tablet":{"background-color":"","background-image":"","background-repeat":"repeat","background-position":"center center","background-size":"auto","background-attachment":"scroll","background-type":"","background-media":"","overlay-type":"","overlay-color":"","overlay-gradient":""},"mobile":{"background-color":"","background-image":"","background-repeat":"repeat","background-position":"center center","background-size":"auto","background-attachment":"scroll","background-type":"","background-media":"","overlay-type":"","overlay-color":"","overlay-gradient":""}},"ast-content-background-meta":{"desktop":{"background-color":"var(--ast-global-color-5)","background-image":"","background-repeat":"repeat","background-position":"center center","background-size":"auto","background-attachment":"scroll","background-type":"","background-media":"","overlay-type":"","overlay-color":"","overlay-gradient":""},"tablet":{"background-color":"var(--ast-global-color-5)","background-image":"","background-repeat":"repeat","background-position":"center center","background-size":"auto","background-attachment":"scroll","background-type":"","background-media":"","overlay-type":"","overlay-color":"","overlay-gradient":""},"mobile":{"background-color":"var(--ast-global-color-5)","background-image":"","background-repeat":"repeat","background-position":"center center","background-size":"auto","background-attachment":"scroll","background-type":"","background-media":"","overlay-type":"","overlay-color":"","overlay-gradient":""}},"footnotes":""},"class_list":["post-2224","page","type-page","status-publish","hentry"],"_links":{"self":[{"href":"https:\/\/nalinnes.org\/index.php?rest_route=\/wp\/v2\/pages\/2224","targetHints":{"allow":["GET"]}}],"collection":[{"href":"https:\/\/nalinnes.org\/index.php?rest_route=\/wp\/v2\/pages"}],"about":[{"href":"https:\/\/nalinnes.org\/index.php?rest_route=\/wp\/v2\/types\/page"}],"author":[{"embeddable":true,"href":"https:\/\/nalinnes.org\/index.php?rest_route=\/wp\/v2\/users\/1"}],"replies":[{"embeddable":true,"href":"https:\/\/nalinnes.org\/index.php?rest_route=%2Fwp%2Fv2%2Fcomments&post=2224"}],"version-history":[{"count":3,"href":"https:\/\/nalinnes.org\/index.php?rest_route=\/wp\/v2\/pages\/2224\/revisions"}],"predecessor-version":[{"id":2227,"href":"https:\/\/nalinnes.org\/index.php?rest_route=\/wp\/v2\/pages\/2224\/revisions\/2227"}],"wp:attachment":[{"href":"https:\/\/nalinnes.org\/index.php?rest_route=%2Fwp%2Fv2%2Fmedia&parent=2224"}],"curies":[{"name":"wp","href":"https:\/\/api.w.org\/{rel}","templated":true}]}}