{"id":2208,"date":"2022-09-20T05:53:25","date_gmt":"2022-09-20T05:53:25","guid":{"rendered":"https:\/\/nalinnes.org\/?page_id=2208"},"modified":"2022-09-20T05:55:14","modified_gmt":"2022-09-20T05:55:14","slug":"les-fermiers","status":"publish","type":"page","link":"https:\/\/nalinnes.org\/?page_id=2208","title":{"rendered":"Les fermiers"},"content":{"rendered":"\n<figure class=\"wp-block-image size-full is-style-rounded\"><img loading=\"lazy\" decoding=\"async\" width=\"602\" height=\"340\" src=\"https:\/\/nalinnes.org\/wp-content\/uploads\/2022\/09\/Cochon.png\" alt=\"\" class=\"wp-image-2210\" srcset=\"https:\/\/nalinnes.org\/wp-content\/uploads\/2022\/09\/Cochon.png 602w, https:\/\/nalinnes.org\/wp-content\/uploads\/2022\/09\/Cochon-300x169.png 300w\" sizes=\"auto, (max-width: 602px) 100vw, 602px\" \/><\/figure>\n\n\n\n<p class=\"has-ast-global-color-6-color has-text-color has-background has-medium-font-size\" style=\"background-color:#0792e352;line-height:2.3\">Dans mon village, les gens sont sympathiques.<br>Les fermiers, surtout. Ils nourrissent l\u2019Humanit\u00e9 !<br>Ne vous avisez surtout pas de commenter cette assertion ou vous seriez conduit manu militari englu\u00e9 dans du goudron et des plumes aux limites de l\u2019entit\u00e9 comme un vulgaire voleur de poules.<br>Je parlais r\u00e9cemment avec un agriculteur.<br>Moi \u00ab Donc, vous nous nourrissez ? \u00bb<br>Lui \u00ab Pour s\u00fbr, c\u2019est s\u00fbr ! Si \u00e7a ne vous plait pas, retournez vivre \u00e0 la ville \u00bb<br>Moi \u00ab D\u00e9sol\u00e9, je ne peux pas, je suis n\u00e9 ici. Et puis d\u2019ailleurs, je pose juste une question \u00bb<br>Lui \u00ab C\u2019est d\u00e9j\u00e0 une question de trop. Une question qui \u2026 sous-entend \u00bb<br>Moi \u00ab J\u2019aimerais juste comprendre. Donc, je mange le ma\u00efs qui pousse dans le champ que vous cultivez le long de ma cl\u00f4ture ? \u00bb<br>Lui \u00ab Non, pas directement. Mais les vaches le mangent et vous mangez les vaches \u00bb<br>Moi \u00ab Ah Ok ! Et vous alors, qui vous nourrit ? Vous ne mangez que des vaches ou du ma\u00efs ? \u00c7a doit lasser un moment \u00bb<br>Lui \u00ab Ben non ! Nous allons dans les magasins, comme vous \u00bb<br>Moi \u00ab Ah bon ? Vous avez de l\u2019argent ?\u00bb<br>Lui \u00ab Ben oui. Vous \u00eates stupide ou quoi ? Nous sommes pay\u00e9s pour les produits que nous cultivons. Trop peu d\u2019ailleurs !\u00bb<br>Moi \u00ab Oui, je suis tout \u00e0 fait d\u2019accord. Et c\u2019est d\u2019ailleurs la raison pour laquelle l\u2019Europe &#8211; entre autres &#8211; vous verse des subsides pour pallier le manque \u00e0 gagner \u00e0 cause de la fluctuation des march\u00e9s et de la pression des acheteurs. \u00bb<br>Lui \u00ab Humm\u2026 \u00bb<br>Moi \u00ab Mais alors j\u2019y pense, comme je paie mes imp\u00f4ts &#8211; avec grand plaisir d\u2019ailleurs &#8211; et qu\u2019une partie de ceux-ci vont \u00e0 l\u2019Europe, je vous nourris. Comme la totalit\u00e9 de la population.<br>Un employ\u00e9 de banque qui passe chez Carrefour apr\u00e8s sa journ\u00e9e de travail pour acheter des p\u00e2tes au bl\u00e9 que vous avez produit, il vous nourrit, non ?<br>Le type qui fait la manche \u00e0 la sortie de l\u2019Aldi \u2013 oui, je sais, c\u2019est une faute de go\u00fbt, il pourrait faire \u00e7a chez Delhaize \u2013 \u00e0 la fin de la journ\u00e9e, quand il r\u00e9colte 5\u20ac et qu\u2019il s\u2019ach\u00e8te un morceau de jambon, indirectement, il vous nourrit, non ? \u00bb<br>Lui \u00ab Hmmm \u00bb<br>Moi \u00ab Donc, En fait, tout le monde nourrit tout le monde, \u00e7a s\u2019appelle \u2026 la vie en communaut\u00e9 ou la solidarit\u00e9, non ? \u00bb<br>Lui \u00ab Hmmm. Retournez vivre \u00e0 la ville !\u00bb<\/p>\n","protected":false},"excerpt":{"rendered":"<p>Dans mon village, les gens sont sympathiques.Les fermiers, surtout. Ils nourrissent l\u2019Humanit\u00e9 !Ne vous avisez surtout pas de commenter cette assertion ou vous seriez conduit manu militari englu\u00e9 dans du goudron et des plumes aux limites de l\u2019entit\u00e9 comme un vulgaire voleur de poules.Je parlais r\u00e9cemment avec un agriculteur.Moi \u00ab Donc, vous nous nourrissez ? [&hellip;]<\/p>\n","protected":false},"author":1,"featured_media":0,"parent":0,"menu_order":0,"comment_status":"closed","ping_status":"closed","template":"","meta":{"site-sidebar-layout":"default","site-content-layout":"","ast-site-content-layout":"","site-content-style":"default","site-sidebar-style":"default","ast-global-header-display":"","ast-banner-title-visibility":"","ast-main-header-display":"","ast-hfb-above-header-display":"","ast-hfb-below-header-display":"","ast-hfb-mobile-header-display":"","site-post-title":"","ast-breadcrumbs-content":"","ast-featured-img":"","footer-sml-layout":"","theme-transparent-header-meta":"","adv-header-id-meta":"","stick-header-meta":"","header-above-stick-meta":"","header-main-stick-meta":"","header-below-stick-meta":"","astra-migrate-meta-layouts":"default","ast-page-background-enabled":"default","ast-page-background-meta":{"desktop":{"background-color":"var(--ast-global-color-4)","background-image":"","background-repeat":"repeat","background-position":"center center","background-size":"auto","background-attachment":"scroll","background-type":"","background-media":"","overlay-type":"","overlay-color":"","overlay-gradient":""},"tablet":{"background-color":"","background-image":"","background-repeat":"repeat","background-position":"center center","background-size":"auto","background-attachment":"scroll","background-type":"","background-media":"","overlay-type":"","overlay-color":"","overlay-gradient":""},"mobile":{"background-color":"","background-image":"","background-repeat":"repeat","background-position":"center center","background-size":"auto","background-attachment":"scroll","background-type":"","background-media":"","overlay-type":"","overlay-color":"","overlay-gradient":""}},"ast-content-background-meta":{"desktop":{"background-color":"var(--ast-global-color-5)","background-image":"","background-repeat":"repeat","background-position":"center center","background-size":"auto","background-attachment":"scroll","background-type":"","background-media":"","overlay-type":"","overlay-color":"","overlay-gradient":""},"tablet":{"background-color":"var(--ast-global-color-5)","background-image":"","background-repeat":"repeat","background-position":"center center","background-size":"auto","background-attachment":"scroll","background-type":"","background-media":"","overlay-type":"","overlay-color":"","overlay-gradient":""},"mobile":{"background-color":"var(--ast-global-color-5)","background-image":"","background-repeat":"repeat","background-position":"center center","background-size":"auto","background-attachment":"scroll","background-type":"","background-media":"","overlay-type":"","overlay-color":"","overlay-gradient":""}},"footnotes":""},"class_list":["post-2208","page","type-page","status-publish","hentry"],"_links":{"self":[{"href":"https:\/\/nalinnes.org\/index.php?rest_route=\/wp\/v2\/pages\/2208","targetHints":{"allow":["GET"]}}],"collection":[{"href":"https:\/\/nalinnes.org\/index.php?rest_route=\/wp\/v2\/pages"}],"about":[{"href":"https:\/\/nalinnes.org\/index.php?rest_route=\/wp\/v2\/types\/page"}],"author":[{"embeddable":true,"href":"https:\/\/nalinnes.org\/index.php?rest_route=\/wp\/v2\/users\/1"}],"replies":[{"embeddable":true,"href":"https:\/\/nalinnes.org\/index.php?rest_route=%2Fwp%2Fv2%2Fcomments&post=2208"}],"version-history":[{"count":2,"href":"https:\/\/nalinnes.org\/index.php?rest_route=\/wp\/v2\/pages\/2208\/revisions"}],"predecessor-version":[{"id":2211,"href":"https:\/\/nalinnes.org\/index.php?rest_route=\/wp\/v2\/pages\/2208\/revisions\/2211"}],"wp:attachment":[{"href":"https:\/\/nalinnes.org\/index.php?rest_route=%2Fwp%2Fv2%2Fmedia&parent=2208"}],"curies":[{"name":"wp","href":"https:\/\/api.w.org\/{rel}","templated":true}]}}