{"id":2199,"date":"2022-09-14T11:28:45","date_gmt":"2022-09-14T11:28:45","guid":{"rendered":"https:\/\/nalinnes.org\/?page_id=2199"},"modified":"2022-09-14T11:37:11","modified_gmt":"2022-09-14T11:37:11","slug":"nenesse-poete","status":"publish","type":"page","link":"https:\/\/nalinnes.org\/?page_id=2199","title":{"rendered":"Nenesse po\u00e8te"},"content":{"rendered":"\n<figure class=\"wp-block-image size-full is-resized is-style-default\"><img loading=\"lazy\" decoding=\"async\" src=\"https:\/\/nalinnes.org\/wp-content\/uploads\/2021\/11\/avatar_on_home.png\" alt=\"\" class=\"wp-image-924\" width=\"371\" height=\"434\"\/><\/figure>\n\n\n\n<div class=\"wp-block-uagb-container uagb-block-179a18a6 alignfull uagb-is-root-container\"><div class=\"uagb-container-inner-blocks-wrap\"><\/div><\/div>\n\n\n\n<p class=\"has-background\" style=\"background-color:#0792e3db\"><strong>Or donc, V\u00ee Nenesse \u00e9tait bien content de sa rencontre avec une esth\u00e9ticienne qui avait su lui rendre une apparence attrayante (voir \u00ab V\u00ee Nenesse chez l\u2019esth\u00e9ticienne, la suite \u00bb dans un \u00e9pisode pr\u00e9c\u00e9dent).<br>Ses pens\u00e9es \u00e9taient focalis\u00e9es sur Vanessa (Place du Centre) qui avait pu lui redonner un semblant d\u2019humanit\u00e9, un look r\u00e9nov\u00e9, une peau retrouv\u00e9e, une fiert\u00e9 regagn\u00e9e, sa ferveur reconquise.<br>Il faut indiquer que Simone \u00e9tait loin d\u2019\u00eatre un parangon d\u2019\u00e9l\u00e9gance du fait que Nenesse \u00e9tait devenu un mod\u00e8le d\u2019in\u00e9l\u00e9gance (Eh oui Messieurs, pensez \u00e0 \u00e7a parfois !). Mais l\u00e0, Simone avait reconnu un changement chez lui. Nenesse semblait avoir renouvel\u00e9 sa fa\u00e7on de s\u2019exprimer. Par ailleurs, il ne parlait plus wallon.<br>Nenesse :<br>\u00abSimone allons donc au Bultia acheter des v\u00eatements<br>Il est temps je le pense \u00e0 faire un changement<br>Dans le lit, je ne puis encore vous faire la court<br>Avec de telles guenilles pour enfin faire l\u2019amour \u00bb<\/strong><\/p>\n\n\n\n<p class=\"has-background\" style=\"background-color:#0792e3db\"><strong>Simone \u00ab Ce serait un honneur de vous guider je crois<br>Pour cette croisade que nous vivrons tous trois<br>Je parle donc ici, si nous nous comprenons,<br>De cet animal qui vit dans vos cale\u00e7ons<br>\u00bb<br>Nenesse \u00ab Mais de quel animal, ici m\u00eame, nous parlons,<br>Je ne comprends pas bien, si ce n\u2019est mon morpion \u00bb<br>Simone<br>\u00ab Je le pense en effet et vous l\u2019aurez compris<br>Que d\u2019un m\u00e9nage \u00e0 trois, nous discutons ici<br>Pourriez-vous s\u2019il vous plait, un temps vous s\u00e9parer<br>Ce cette b\u00eate ignoble qui investit vos braies<br>Depuis 20 ans je pense, et c\u2019est une m\u00e9taphore<br>Nous d\u00e9truit bien la vie, je crois n\u2019avoir pas tort.<br>Il suffirait d\u2019un rien pour que vous s\u00e9par\u00e2tes<br>Le bon grain de l\u2019ivraie, je crois, en toute h\u00e2te<br>Et de mander bien vite \u00e0 votre ami bidule<br>Qu\u2019il quitte de ce pas les poils des testicules\u00bb<br>Nenesse<br>\u00ab Comment comptez-vous donc que je parle \u00e0 la b\u00eate<br>Et que celle-ci apr\u00e8s tout ce temps vous emb\u00eate<br>Sinon d\u00e9sirez-vous en t\u00eate \u00e0 t\u00eate parler<br>La place vous \u00eates ouverte veuillez la rencontrer \u00bb<br>Simone :<br>\u00ab Il me plairait d\u2019abord, si cela vous agr\u00e9e<br>Qu\u2019il laiss\u00e2t votre nid, et vous en conviendrez<br>Cet endroit n\u2019est pour s\u00fbr, en aucune fa\u00e7on<br>L\u2019esplanade heureuse pour une discussion. \u00bb<\/strong><\/p>\n\n\n\n<p class=\"has-background\" style=\"background-color:#0792e3db\"><strong>Simone sermonna le morpion qui s\u2019en alla bien vite<br>Nulle ne sait vraiment quelle phrase fut dite.<br>Toujours est-il que d\u00e8s le lendemain \u00e0 deux,<br>Il all\u00e8rent au Bultia pour faire les soldes, heureux.<\/strong><\/p>\n","protected":false},"excerpt":{"rendered":"<p>Or donc, V\u00ee Nenesse \u00e9tait bien content de sa rencontre avec une esth\u00e9ticienne qui avait su lui rendre une apparence attrayante (voir \u00ab V\u00ee Nenesse chez l\u2019esth\u00e9ticienne, la suite \u00bb dans un \u00e9pisode pr\u00e9c\u00e9dent).Ses pens\u00e9es \u00e9taient focalis\u00e9es sur Vanessa (Place du Centre) qui avait pu lui redonner un semblant d\u2019humanit\u00e9, un look r\u00e9nov\u00e9, une peau [&hellip;]<\/p>\n","protected":false},"author":1,"featured_media":0,"parent":0,"menu_order":0,"comment_status":"closed","ping_status":"closed","template":"","meta":{"site-sidebar-layout":"default","site-content-layout":"","ast-site-content-layout":"","site-content-style":"default","site-sidebar-style":"default","ast-global-header-display":"","ast-banner-title-visibility":"","ast-main-header-display":"","ast-hfb-above-header-display":"","ast-hfb-below-header-display":"","ast-hfb-mobile-header-display":"","site-post-title":"disabled","ast-breadcrumbs-content":"","ast-featured-img":"","footer-sml-layout":"","theme-transparent-header-meta":"","adv-header-id-meta":"","stick-header-meta":"","header-above-stick-meta":"","header-main-stick-meta":"","header-below-stick-meta":"","astra-migrate-meta-layouts":"default","ast-page-background-enabled":"default","ast-page-background-meta":{"desktop":{"background-color":"var(--ast-global-color-4)","background-image":"","background-repeat":"repeat","background-position":"center center","background-size":"auto","background-attachment":"scroll","background-type":"","background-media":"","overlay-type":"","overlay-color":"","overlay-gradient":""},"tablet":{"background-color":"","background-image":"","background-repeat":"repeat","background-position":"center center","background-size":"auto","background-attachment":"scroll","background-type":"","background-media":"","overlay-type":"","overlay-color":"","overlay-gradient":""},"mobile":{"background-color":"","background-image":"","background-repeat":"repeat","background-position":"center center","background-size":"auto","background-attachment":"scroll","background-type":"","background-media":"","overlay-type":"","overlay-color":"","overlay-gradient":""}},"ast-content-background-meta":{"desktop":{"background-color":"var(--ast-global-color-5)","background-image":"","background-repeat":"repeat","background-position":"center center","background-size":"auto","background-attachment":"scroll","background-type":"","background-media":"","overlay-type":"","overlay-color":"","overlay-gradient":""},"tablet":{"background-color":"var(--ast-global-color-5)","background-image":"","background-repeat":"repeat","background-position":"center center","background-size":"auto","background-attachment":"scroll","background-type":"","background-media":"","overlay-type":"","overlay-color":"","overlay-gradient":""},"mobile":{"background-color":"var(--ast-global-color-5)","background-image":"","background-repeat":"repeat","background-position":"center center","background-size":"auto","background-attachment":"scroll","background-type":"","background-media":"","overlay-type":"","overlay-color":"","overlay-gradient":""}},"footnotes":""},"class_list":["post-2199","page","type-page","status-publish","hentry"],"_links":{"self":[{"href":"https:\/\/nalinnes.org\/index.php?rest_route=\/wp\/v2\/pages\/2199","targetHints":{"allow":["GET"]}}],"collection":[{"href":"https:\/\/nalinnes.org\/index.php?rest_route=\/wp\/v2\/pages"}],"about":[{"href":"https:\/\/nalinnes.org\/index.php?rest_route=\/wp\/v2\/types\/page"}],"author":[{"embeddable":true,"href":"https:\/\/nalinnes.org\/index.php?rest_route=\/wp\/v2\/users\/1"}],"replies":[{"embeddable":true,"href":"https:\/\/nalinnes.org\/index.php?rest_route=%2Fwp%2Fv2%2Fcomments&post=2199"}],"version-history":[{"count":3,"href":"https:\/\/nalinnes.org\/index.php?rest_route=\/wp\/v2\/pages\/2199\/revisions"}],"predecessor-version":[{"id":2202,"href":"https:\/\/nalinnes.org\/index.php?rest_route=\/wp\/v2\/pages\/2199\/revisions\/2202"}],"wp:attachment":[{"href":"https:\/\/nalinnes.org\/index.php?rest_route=%2Fwp%2Fv2%2Fmedia&parent=2199"}],"curies":[{"name":"wp","href":"https:\/\/api.w.org\/{rel}","templated":true}]}}