{"id":2121,"date":"2022-09-09T19:34:06","date_gmt":"2022-09-09T19:34:06","guid":{"rendered":"https:\/\/nalinnes.org\/?page_id=2121"},"modified":"2022-09-09T19:43:30","modified_gmt":"2022-09-09T19:43:30","slug":"aquanalinae-suite","status":"publish","type":"page","link":"https:\/\/nalinnes.org\/?page_id=2121","title":{"rendered":"Aquanalinae Suite"},"content":{"rendered":"\n<figure class=\"wp-block-image size-large is-resized is-style-default\"><img loading=\"lazy\" decoding=\"async\" src=\"https:\/\/nalinnes.org\/wp-content\/uploads\/2022\/09\/IMG_0497-576x1024.jpg\" alt=\"\" class=\"wp-image-2123\" width=\"323\" height=\"574\" srcset=\"https:\/\/nalinnes.org\/wp-content\/uploads\/2022\/09\/IMG_0497-576x1024.jpg 576w, https:\/\/nalinnes.org\/wp-content\/uploads\/2022\/09\/IMG_0497-169x300.jpg 169w, https:\/\/nalinnes.org\/wp-content\/uploads\/2022\/09\/IMG_0497.jpg 720w\" sizes=\"auto, (max-width: 323px) 100vw, 323px\" \/><\/figure>\n\n\n\n<div class=\"wp-block-uagb-container uagb-block-8dd3ae75 alignfull uagb-is-root-container\"><div class=\"uagb-container-inner-blocks-wrap\">\n<div class=\"wp-block-group is-layout-flow wp-block-group-is-layout-flow\">\n<div class=\"wp-block-uagb-container uagb-block-5cc4ea06\">\n<div class=\"wp-block-columns is-layout-flex wp-container-core-columns-is-layout-28f84493 wp-block-columns-is-layout-flex\">\n<div class=\"wp-block-column is-layout-flow wp-block-column-is-layout-flow\" style=\"flex-basis:100%\">\n<div class=\"wp-block-group is-vertical is-layout-flex wp-container-core-group-is-layout-fe9cc265 wp-block-group-is-layout-flex\">\n<div class=\"wp-block-group is-layout-flow wp-block-group-is-layout-flow\">\n<p class=\"has-white-color has-text-color has-background\" style=\"background-color:#0792e3d6\">Or donc, l\u2019autre jour, je m\u2019exprimais \u00e0 propos de la d\u00e9esse de notre village (Aqualinae), copine de Mme de la Visitation et de V\u00ee Nenesse depuis bien longtemps.<br>M\u00eame si l\u2019histoire racont\u00e9e pr\u00e9sentait un caract\u00e8re onirique, je voulais rencontrer la seule personne encore vivante qui \u00e9tait d\u00e9j\u00e0 pr\u00e9sente en l\u2019an 400, j\u2019ai nomm\u00e9 V\u00ee Nenesse, pour le consulter \u00e0 propos de cette rencontre avec le roi Arthur.<br>Comme j\u2019ai re\u00e7u des remarques quant \u00e0 la qualit\u00e9 de mon Wallon \u00e9crit, je passe \u00e0 la traduction directe en Fran\u00e7ais(avec les fautes que vous ne manquerez pas de corriger, j\u2019en suis certain).<br>Nous \u00e9tions dans un cabaret du village, pas tr\u00e8s \u00e9loign\u00e9 d\u2019un kiosque.<br>Pour des raisons de publicit\u00e9 interdite dans ce groupe, je ne puis en dire plus ; terminus ! (Les anciens comprendront cette derni\u00e8re remarque).<br>Moi : \u00ab Dites-moi Nenesse, vous vous rappelez de cette rencontre entre Aqualinae et Arthur, il y a bien longtemps ? \u00bb<br>Nenesse : \u00ab B\u00e9n, oyi, dj\u2019\u00e8steus rola \u00bb.<br>Oh, d\u00e9sol\u00e9, j\u2019ai oubli\u00e9 de mettre la traduction automatique en route, je reprends.<br>Nenesse : \u00ab En effet, j\u2019\u00e9tais pr\u00e9sent \u00bb.<br>Moi \u00ab Que s\u2019est-il pass\u00e9 ce jour-l\u00e0 ?\u00bb.<br>Nenesse : \u00ab Arthur \u00e8steut en trin d\u2019pich\u00ee dins l\u2019richot padr\u00ee in \u00e2be quand Aqualinae l\u2019\u00e8st s\u2019ariv\u00e9e n\u00e9 fw\u00e2rt cont\u00e8ne \u00bb.<br>\u00ab Encore une fois, je vous demande de me pardonner, le logiciel de traduction ne fonctionne pas bien, je reprends \u00bb.<br>Nenesse : \u00ab Arthur se soulageait dans le ruisseau, derri\u00e8re un arbre quand Aqualinae est arriv\u00e9e furieuse\u00bb<br>Nenesse : \u00ab Je te raconte l\u2019histoire telle que je l\u2019ai v\u00e9cue, mais, mets les verres d\u2019abord \u00bb.<br>Je commandai donc et il entama son r\u00e9cit.<\/p>\n\n\n\n<p><\/p>\n\n\n\n<p class=\"has-white-color has-text-color has-background\" style=\"background-color:#0792e3d6\">Arthur : \u00ab Tudutte tu tutte, et moi j\u2019ai trouv\u00e9 le Graal(eeee), et je peux repartir en Bretagne(eeee)\u00bb<br>Disait-il en chantant et en secouant son engin \u00bb.<br>Aqualinae : \u00ab Qui \u00eates-vous et que faites-vous dans mon ruisseau ? \u00bb<br>Arthur eut un instant d\u2019\u00e9moi, tr\u00e8s surpris de rencontrer une personne dans cette for\u00eat.<br>Arthur : \u00ab Oh, d\u00e9sol\u00e9, j\u2019ignorait qu\u2019il y avait du monde \u00bb.<\/p>\n\n\n\n<p class=\"has-white-color has-text-color has-background\" style=\"background-color:#0792e3d6\">Dit-il en se retournant.<\/p>\n\n\n\n<p class=\"has-white-color has-text-color has-background\" style=\"background-color:#0792e3d6\">Aqualinae : \u00ab Vous pourriez rentrer \u00e7a ? \u00bb<br>Dit-elle en montrant du doigt.<\/p>\n\n\n\n<p class=\"has-white-color has-text-color has-background\" style=\"background-color:#0792e3d6\">Arthur, g\u00ean\u00e9, rangea ce qu\u2019il avait \u00e0 ranger.<\/p>\n\n\n\n<p class=\"has-white-color has-text-color has-background\" style=\"background-color:#0792e3d6\">Aqualinae : \u00ab Vous \u00eatre en train de souiller ma rivi\u00e8re, je suis la d\u00e9esse de ces lieux, je suis exc\u00e9d\u00e9e \u00bb<\/p>\n\n\n\n<p class=\"has-white-color has-text-color has-background\" style=\"background-color:#0792e3d6\">Arthur : \u00ab oh, eh, vous n\u2019allez pas la ramener pour un pipi dans l\u2019eau \u00bb<\/p>\n\n\n\n<p class=\"has-white-color has-text-color has-background\" style=\"background-color:#0792e3d6\">Aqualinae : \u00ab Et bien si, justement, vous polluer ce qui est ma propre essence, ma vie, mon \u0153uvre, qui \u00eates-vous \u00bb.<br>Arthur : \u00ab Je suis Arthur, roi des Bretons. Je reviens d\u2019un long voyage et j\u2019ai autre chose \u00e0 battre que de parler avec une d\u00e9esse qui n\u2019est m\u00eame pas connue chez nous\u00bb.<\/p>\n\n\n\n<p class=\"has-white-color has-text-color has-background\" style=\"background-color:#0792e3d6\">Aqualinae : \u00ab Vous connaissez sans doute Coventina, ma coll\u00e8gue Bretonne ? C\u2019est une amie\u00bb.<br>Dit Aqualinae avec un sourire narquois.<\/p>\n\n\n\n<p class=\"has-white-color has-text-color has-background\" style=\"background-color:#0792e3d6\">Arthur : \u00ab Ouais, je la connais de nom mais je ne l\u2019ai jamais rencontr\u00e9e, pourquoi ?\u00bb<\/p>\n\n\n\n<p class=\"has-white-color has-text-color has-background\" style=\"background-color:#0792e3d6\">Aqualinae : \u00ab Vous verrez en rentrant. Cependant, en gage de punition, vous allez me donner ce que vous portez \u00e0 la ceinture \u00bb.<\/p>\n\n\n\n<p class=\"has-white-color has-text-color has-background\" style=\"background-color:#0792e3d6\">Arthur : \u00ab Quoi, \u00e7a ? vous rigolez ? \u00e7a fait des si\u00e8cles que tout monde cherche le Graal, j\u2019ai parcouru tous les pays pour le retrouver, j\u2019ai perdu la moiti\u00e9 de mes troupes, j\u2019ai pill\u00e9, tu\u00e9, j\u2019ai failli perdre un \u0153il, juste pour cette coupelle. Ah non, je la garde \u00bb.<\/p>\n\n\n\n<p class=\"has-white-color has-text-color has-background\" style=\"background-color:#0792e3d6\">Aqualinae : \u00ab Arthur, ne faites pas l\u2019enfant. Votre papa, Pendragon, ne serait pas content\u00bb<\/p>\n\n\n\n<p class=\"has-white-color has-text-color has-background\" style=\"background-color:#0792e3d6\">Arthur : \u00ab Ah non, laissez mon p\u00e8re en dehors de tout \u00e7a. Je vais encore me faire maudire \u00bb<\/p>\n\n\n\n<p class=\"has-white-color has-text-color has-background\" style=\"background-color:#0792e3d6\">La coupe atterrit dans les mains d\u2019Aqualinae.<br>Arthur pleurait s\u2019en retournant en Bretagne.<\/p>\n\n\n\n<p class=\"has-white-color has-text-color has-background\" style=\"background-color:#0792e3d6\">Nenesse : \u00ab Voil\u00e0, c\u2019est tout ce que je sais. Le soir avec Aqualinae et Mme de la Visitation, pendant que je servais le Ricard, Aqualinae a cach\u00e9 le Graal. On \u00e9tait tellement torch\u00e9s tous les trois que jamais nous ne retrouv\u00e2mes la coupe, je me rappelle juste ceci :\u00bb<\/p>\n\n\n\n<p class=\"has-white-color has-text-color has-background\" style=\"background-color:#0792e3d6\">Mme de la Visitation : \u00ab C\u2019est dommage, c\u2019\u00e9tait une belle coupe, mais on aurait pu la passer au lave-vaisselle \u00bb.<\/p>\n\n\n\n<p class=\"has-white-color has-text-color has-background\" style=\"background-color:#0792e3d6\">Lorsqu\u2019Arthur arriva en Bretagne, Coventina lui apparut. Pas facile Coventina !<\/p>\n\n\n\n<p class=\"has-white-color has-text-color has-background\" style=\"background-color:#0792e3d6\">Coventina : \u00ab Alors, on va souiller les eaux de ma copine ? Tu vas tout de suite dans ton lit ! \u00bb.<\/p>\n\n\n\n<p class=\"has-white-color has-text-color has-background\" style=\"background-color:#0792e3d6\">Arthur s\u2019en alla triste dans sa chambre, priv\u00e9 de quatre-heures.<\/p>\n\n\n\n<p class=\"has-white-color has-text-color has-background\" style=\"background-color:#0792e3d6\">Nenesse : \u00ab Tu reprends un verre ? C\u2019est ma tourn\u00e9e \u00bb.<\/p>\n\n\n\n<p class=\"has-white-color has-text-color has-background\" style=\"background-color:#0792e3d6\">Quand nous f\u00eemes sant\u00e9, Nenesse tenait dans la main une coupe de couleur argent\u00e9e.<br>Il me toisait avec un sourire espi\u00e8gle.<\/p>\n<\/div>\n<\/div>\n<\/div>\n<\/div>\n<\/div>\n<\/div>\n\n\n\n<p class=\"has-white-color has-text-color has-background\" style=\"background-color:#0792e3d6\"><\/p>\n<\/div><\/div>\n","protected":false},"excerpt":{"rendered":"","protected":false},"author":1,"featured_media":0,"parent":0,"menu_order":0,"comment_status":"closed","ping_status":"closed","template":"","meta":{"site-sidebar-layout":"default","site-content-layout":"","ast-site-content-layout":"","site-content-style":"default","site-sidebar-style":"default","ast-global-header-display":"","ast-banner-title-visibility":"","ast-main-header-display":"","ast-hfb-above-header-display":"","ast-hfb-below-header-display":"","ast-hfb-mobile-header-display":"","site-post-title":"","ast-breadcrumbs-content":"","ast-featured-img":"","footer-sml-layout":"","theme-transparent-header-meta":"","adv-header-id-meta":"","stick-header-meta":"","header-above-stick-meta":"","header-main-stick-meta":"","header-below-stick-meta":"","astra-migrate-meta-layouts":"default","ast-page-background-enabled":"default","ast-page-background-meta":{"desktop":{"background-color":"var(--ast-global-color-4)","background-image":"","background-repeat":"repeat","background-position":"center center","background-size":"auto","background-attachment":"scroll","background-type":"","background-media":"","overlay-type":"","overlay-color":"","overlay-gradient":""},"tablet":{"background-color":"","background-image":"","background-repeat":"repeat","background-position":"center center","background-size":"auto","background-attachment":"scroll","background-type":"","background-media":"","overlay-type":"","overlay-color":"","overlay-gradient":""},"mobile":{"background-color":"","background-image":"","background-repeat":"repeat","background-position":"center center","background-size":"auto","background-attachment":"scroll","background-type":"","background-media":"","overlay-type":"","overlay-color":"","overlay-gradient":""}},"ast-content-background-meta":{"desktop":{"background-color":"var(--ast-global-color-5)","background-image":"","background-repeat":"repeat","background-position":"center center","background-size":"auto","background-attachment":"scroll","background-type":"","background-media":"","overlay-type":"","overlay-color":"","overlay-gradient":""},"tablet":{"background-color":"var(--ast-global-color-5)","background-image":"","background-repeat":"repeat","background-position":"center center","background-size":"auto","background-attachment":"scroll","background-type":"","background-media":"","overlay-type":"","overlay-color":"","overlay-gradient":""},"mobile":{"background-color":"var(--ast-global-color-5)","background-image":"","background-repeat":"repeat","background-position":"center center","background-size":"auto","background-attachment":"scroll","background-type":"","background-media":"","overlay-type":"","overlay-color":"","overlay-gradient":""}},"footnotes":""},"class_list":["post-2121","page","type-page","status-publish","hentry"],"_links":{"self":[{"href":"https:\/\/nalinnes.org\/index.php?rest_route=\/wp\/v2\/pages\/2121","targetHints":{"allow":["GET"]}}],"collection":[{"href":"https:\/\/nalinnes.org\/index.php?rest_route=\/wp\/v2\/pages"}],"about":[{"href":"https:\/\/nalinnes.org\/index.php?rest_route=\/wp\/v2\/types\/page"}],"author":[{"embeddable":true,"href":"https:\/\/nalinnes.org\/index.php?rest_route=\/wp\/v2\/users\/1"}],"replies":[{"embeddable":true,"href":"https:\/\/nalinnes.org\/index.php?rest_route=%2Fwp%2Fv2%2Fcomments&post=2121"}],"version-history":[{"count":3,"href":"https:\/\/nalinnes.org\/index.php?rest_route=\/wp\/v2\/pages\/2121\/revisions"}],"predecessor-version":[{"id":2129,"href":"https:\/\/nalinnes.org\/index.php?rest_route=\/wp\/v2\/pages\/2121\/revisions\/2129"}],"wp:attachment":[{"href":"https:\/\/nalinnes.org\/index.php?rest_route=%2Fwp%2Fv2%2Fmedia&parent=2121"}],"curies":[{"name":"wp","href":"https:\/\/api.w.org\/{rel}","templated":true}]}}