{"id":2115,"date":"2022-09-09T19:28:50","date_gmt":"2022-09-09T19:28:50","guid":{"rendered":"https:\/\/nalinnes.org\/?page_id=2115"},"modified":"2022-09-09T19:30:32","modified_gmt":"2022-09-09T19:30:32","slug":"aquanalinae","status":"publish","type":"page","link":"https:\/\/nalinnes.org\/?page_id=2115","title":{"rendered":"Aquanalinae"},"content":{"rendered":"\n<figure class=\"wp-block-image size-large is-resized is-style-default\"><img loading=\"lazy\" decoding=\"async\" src=\"https:\/\/nalinnes.org\/wp-content\/uploads\/2022\/09\/IMG_0484-576x1024.jpg\" alt=\"\" class=\"wp-image-2117\" width=\"348\" height=\"618\" srcset=\"https:\/\/nalinnes.org\/wp-content\/uploads\/2022\/09\/IMG_0484-576x1024.jpg 576w, https:\/\/nalinnes.org\/wp-content\/uploads\/2022\/09\/IMG_0484-169x300.jpg 169w, https:\/\/nalinnes.org\/wp-content\/uploads\/2022\/09\/IMG_0484.jpg 720w\" sizes=\"auto, (max-width: 348px) 100vw, 348px\" \/><\/figure>\n\n\n\n<div class=\"wp-block-uagb-container uagb-block-c286b551 alignfull uagb-is-root-container\"><div class=\"uagb-container-inner-blocks-wrap\">\n<p class=\"has-white-color has-text-color has-background\" style=\"background-color:#0792e3d6\">Or donc, je me promenais par monts et par vaux dans notre beau village en cette fin d\u2019\u00e9t\u00e9 qui ressemblait par ailleurs \u00e0 un \u00e9t\u00e9 tout court.<br>\u00c0 l\u2019or\u00e9e du \u2018Noir Chien\u2019, je rencontrai une tr\u00e8s belle dame, v\u00eatue d\u2019une robe en lin immacul\u00e9e et orn\u00e9e d\u2019une couronne de roses.<br>Elle : \u00ab Bonjour, je suis Aquanalinae, la d\u00e9esse de votre village \u00bb<br>Sur le moment, je pensais appeler les services pour personnes en d\u00e9ficience mentale, mais elle semblait paisible et, je dois l\u2019avouer, apaisante.<br>Moi : \u00ab Enchant\u00e9, puis-je savoir ce que vous nommez \u2018La d\u00e9esse de notre village\u2019 \u00bb ?<br>Aquanalinae : \u00ab Je suis n\u00e9e ici, il y a des si\u00e8cles, fille de Damona, d\u00e9esse des sources et des rivi\u00e8res et de Boramus, dieu gu\u00e9risseur, uni \u00e0 l\u2019eau \u00bb (n\u2019h\u00e9sitez pas \u00e0 v\u00e9rifier que je ne raconte pas des salades).<br>Moi : \u00ab Waouh ! Et que me vaut le grand honneur de vous rencontrer ? \u00bb Dis-je avec un sourire moqueur.<br>Aquanalinae : \u00ab Vous savez, depuis tant de lustres, je parcours vos ruisseaux vos \u00e9tangs, vos lacs, je prot\u00e8ge votre faune aquatique. Lors de pollutions extr\u00eames, je nettoie les d\u00e9g\u00e2ts.<br>En l\u2019an 400, quand il n\u2019y avait que tr\u00e8s peu d\u2019habitant, le roi Arthur, lui-m\u00eame, qui passait par ici pour contrer les envahisseurs, s\u2019\u00e9tait soulag\u00e9 dans le ruisseau du moulin.<br>Bien mal lui en a pris! Je lui ai confisqu\u00e9 son Graal. Il pleurait comme une Madeleine en rentrant dans son pays. J\u2019ai cach\u00e9 la coupe dans un endroit secret, ici, \u00e0 Nalinnes.<br>Quand Napol\u00e9on Bonaparte est pass\u00e9 par chez nous en Juin 1815, pour aller faire un tour \u00e0 Waterloo, il a fait la m\u00eame chose qu\u2019Arthur 1400 ans plus t\u00f4t. Vous connaissez la suite, n\u2019est-ce pas? Victor Hugo l\u2019a racont\u00e9 : \u00ab Comme une onde qui bout dans une urne trop pleine,\u201c , mais il avait commis une erreur, ce n\u2019\u00e9tait pas urne, mais burne.<br>Je l\u2019ai puni. Il a perdu la bataille!<br>Savez-vous que la d\u00e9nomination de Nalinnes vient de mon nom ? \u00bb<br>Moi : \u00abJ\u2019ai lu \u00e7a, oui, mais, \u00e0 propos du Graal, vous l\u2019avez vraiment cach\u00e9 ici \u00e0 Nalinnes? \u00bb<br>Aquanalinae : \u00ab Effectivement, mais j\u2019ai oubli\u00e9 l\u2019endroit o\u00f9 je l\u2019ai d\u00e9pos\u00e9. J\u2019avais exag\u00e9r\u00e9 sur le vin que nous importions \u00e0 l\u2019\u00e9poque de Gr\u00e8ce et j\u2019\u00e9tais assez \u2018fatigu\u00e9e\u2019. A propos, je ne comprends pas pourquoi, tous les ans, \u00e0 la m\u00eame \u00e9poque, des gens v\u00eatus comme des soldats de Napol\u00e9on accomplissent un culte \u00e0 la dame qui vit dans la grande maison au Centre. Pourquoi elle et pas moi ? Je suis un peu jalouse mais elle est tr\u00e8s aimable Madame de la Visitation, c\u2019est vrai. C\u2019est avec elle que j\u2019avais picol\u00e9 le jour o\u00f9 j\u2019ai cach\u00e9 le Graal. Il y avait V\u00ee Nenesse aussi. Si vous cherchez le Graal, peut-\u00eatre peut-il vous renseigner, mais il \u00e9tait bien parti aussi ce soir-l\u00e0.\u00bb<\/p>\n\n\n\n<p class=\"has-white-color has-text-color has-background\" style=\"background-color:#0792e3d6\">Moi : \u00ab Je suis content de vous rencontrer, mais que me vaut cette faveur ? \u00bb<br>Aquanalinae : \u00ab C\u2019est parce que vous \u00eates en train de r\u00eaver \u00bb<\/p>\n\n\n\n<p class=\"has-white-color has-text-color has-background\" style=\"background-color:#0792e3d6\">Je me suis r\u00e9veill\u00e9, triste de n\u2019avoir poursuivi la conversation.<br>Il faudra que je parle au V\u00ee Nenesse.<\/p>\n\n\n\n<p><\/p>\n<\/div><\/div>\n","protected":false},"excerpt":{"rendered":"","protected":false},"author":1,"featured_media":0,"parent":0,"menu_order":0,"comment_status":"closed","ping_status":"closed","template":"","meta":{"site-sidebar-layout":"default","site-content-layout":"","ast-site-content-layout":"","site-content-style":"default","site-sidebar-style":"default","ast-global-header-display":"","ast-banner-title-visibility":"","ast-main-header-display":"","ast-hfb-above-header-display":"","ast-hfb-below-header-display":"","ast-hfb-mobile-header-display":"","site-post-title":"","ast-breadcrumbs-content":"","ast-featured-img":"","footer-sml-layout":"","theme-transparent-header-meta":"","adv-header-id-meta":"","stick-header-meta":"","header-above-stick-meta":"","header-main-stick-meta":"","header-below-stick-meta":"","astra-migrate-meta-layouts":"default","ast-page-background-enabled":"default","ast-page-background-meta":{"desktop":{"background-color":"var(--ast-global-color-4)","background-image":"","background-repeat":"repeat","background-position":"center center","background-size":"auto","background-attachment":"scroll","background-type":"","background-media":"","overlay-type":"","overlay-color":"","overlay-gradient":""},"tablet":{"background-color":"","background-image":"","background-repeat":"repeat","background-position":"center center","background-size":"auto","background-attachment":"scroll","background-type":"","background-media":"","overlay-type":"","overlay-color":"","overlay-gradient":""},"mobile":{"background-color":"","background-image":"","background-repeat":"repeat","background-position":"center center","background-size":"auto","background-attachment":"scroll","background-type":"","background-media":"","overlay-type":"","overlay-color":"","overlay-gradient":""}},"ast-content-background-meta":{"desktop":{"background-color":"var(--ast-global-color-5)","background-image":"","background-repeat":"repeat","background-position":"center center","background-size":"auto","background-attachment":"scroll","background-type":"","background-media":"","overlay-type":"","overlay-color":"","overlay-gradient":""},"tablet":{"background-color":"var(--ast-global-color-5)","background-image":"","background-repeat":"repeat","background-position":"center center","background-size":"auto","background-attachment":"scroll","background-type":"","background-media":"","overlay-type":"","overlay-color":"","overlay-gradient":""},"mobile":{"background-color":"var(--ast-global-color-5)","background-image":"","background-repeat":"repeat","background-position":"center center","background-size":"auto","background-attachment":"scroll","background-type":"","background-media":"","overlay-type":"","overlay-color":"","overlay-gradient":""}},"footnotes":""},"class_list":["post-2115","page","type-page","status-publish","hentry"],"_links":{"self":[{"href":"https:\/\/nalinnes.org\/index.php?rest_route=\/wp\/v2\/pages\/2115","targetHints":{"allow":["GET"]}}],"collection":[{"href":"https:\/\/nalinnes.org\/index.php?rest_route=\/wp\/v2\/pages"}],"about":[{"href":"https:\/\/nalinnes.org\/index.php?rest_route=\/wp\/v2\/types\/page"}],"author":[{"embeddable":true,"href":"https:\/\/nalinnes.org\/index.php?rest_route=\/wp\/v2\/users\/1"}],"replies":[{"embeddable":true,"href":"https:\/\/nalinnes.org\/index.php?rest_route=%2Fwp%2Fv2%2Fcomments&post=2115"}],"version-history":[{"count":2,"href":"https:\/\/nalinnes.org\/index.php?rest_route=\/wp\/v2\/pages\/2115\/revisions"}],"predecessor-version":[{"id":2118,"href":"https:\/\/nalinnes.org\/index.php?rest_route=\/wp\/v2\/pages\/2115\/revisions\/2118"}],"wp:attachment":[{"href":"https:\/\/nalinnes.org\/index.php?rest_route=%2Fwp%2Fv2%2Fmedia&parent=2115"}],"curies":[{"name":"wp","href":"https:\/\/api.w.org\/{rel}","templated":true}]}}