{"id":2104,"date":"2022-09-09T19:06:54","date_gmt":"2022-09-09T19:06:54","guid":{"rendered":"https:\/\/nalinnes.org\/?page_id=2104"},"modified":"2022-09-09T19:08:27","modified_gmt":"2022-09-09T19:08:27","slug":"jogging-2","status":"publish","type":"page","link":"https:\/\/nalinnes.org\/?page_id=2104","title":{"rendered":"Jogging 2"},"content":{"rendered":"\n<figure class=\"wp-block-image size-large is-resized is-style-default\"><img loading=\"lazy\" decoding=\"async\" src=\"https:\/\/nalinnes.org\/wp-content\/uploads\/2022\/09\/IMG_0501-576x1024.jpg\" alt=\"\" class=\"wp-image-2106\" width=\"416\" height=\"740\" srcset=\"https:\/\/nalinnes.org\/wp-content\/uploads\/2022\/09\/IMG_0501-576x1024.jpg 576w, https:\/\/nalinnes.org\/wp-content\/uploads\/2022\/09\/IMG_0501-169x300.jpg 169w, https:\/\/nalinnes.org\/wp-content\/uploads\/2022\/09\/IMG_0501.jpg 720w\" sizes=\"auto, (max-width: 416px) 100vw, 416px\" \/><\/figure>\n\n\n\n<div class=\"wp-block-uagb-container uagb-block-30e8ef3a alignfull uagb-is-root-container\"><div class=\"uagb-container-inner-blocks-wrap\">\n<p class=\"has-white-color has-text-color has-background\" style=\"background-color:#0792e3d6\"><strong>Comme je l\u2019ai d\u00e9j\u00e0 d\u00e9crit dans une pr\u00e9c\u00e9dente bafouille, je subis la torture du running les mardis et jeudis avec le club \u00ab Courir pour mieux vivre \u00bb de Nalinnes. Allez-y c\u2019est \u00e0 19:00 ! Quand, vers 20:30, vous serez sous la douche, si vous avez pu monter les escaliers qui m\u00e8nent \u00e0 votre salle de bain, vous vous sentirez heureux d\u2019avoir brav\u00e9 le vent, la pluie, la boue et d\u2019avoir, encore une fois r\u00e9ussi \u00e0 terminer la course.<br>L\u2019autre fois, dans l\u2019une de nos balades, entre la rue de Bourdinne et bois de Cabonval (nom de rues fictifs pour ne pas en r\u00e9v\u00e9ler l\u2019endroit), j\u2019aper\u00e7us une petite cabane en bois sous les ch\u00eanes centenaires.<br>Il y avait de la lumi\u00e8re \u00e0 l\u2019int\u00e9rieur et on pouvait entendre de la musique et des cris joyeux.<br>Une fum\u00e9e grise sortait par la chemin\u00e9e.<br>Il y avait un panneau sur la porte d\u2019entr\u00e9e mais je ne pus apercevoir que les mots \u00ab Mardis et Jeudis 19:00.<br>Je me promis d\u2019y revenir un jour tellement l\u2019endroit paraissait accueillant.<br>Un jeudi, souffrant d\u2019une l\u00e9g\u00e8re entorse, je fis l\u2019impasse sur le jogging et me rendis donc, \u00e0 19:00, vers l\u2019endroit qui avait excit\u00e9 ma curiosit\u00e9.<br>La m\u00eame ambiance que l\u2019autre fois semblait r\u00e9gner \u00e0 l\u2019int\u00e9rieur de la cabane.<br>Sur la porte, une inscription \u00ab ASBL Plut\u00f4t Mourir que Courir, tous les mardis et jeudis 19:00 \u00bb.<br>J\u2019entrai.<br>Une chaleur douce, un bar, une trentaine d\u2019individus assis autour des tables, les uns jouant aux cartes, les autres racontant des blagues, d\u2019autres encore, au bar, conf\u00e9rant joyeusement.<br>Au comptoir, un homme d\u2019une cinquantaine d\u2019ann\u00e9e servait les boissons avec plaisir.<br>Il pesait certainement plus de 120 kilos.<br>Je m\u2019adressai \u00e0 lui.<br>\u00ab Bonsoir Monsieur, quel est cet endroit et le but de l\u2019ASBL ?\u00bb.<br>\u00ab Vous \u00eates le bienvenu, nous sommes des anciens de \u00ab Courir pour mieux Vivre \u00bb, nous n\u2019avons pas tenu le coup et nous avons cr\u00e9\u00e9 cette association \u00bb<br>\u00ab Vous n\u2019avez pas tenu le coup, vraiment ? Comment \u00e7a ? \u00bb<br>\u00ab Vous savez, c\u2019\u00e9tait trop difficile de partir par tous les temps, nos genoux souffraient, nos jambes flagellaient telles de pauvres brins de paille. Nos c\u0153urs avaient fini de nous aimer, notre \u00e2me \u00e9tait ailleurs \u00bb<br>Je cru reconna\u00eetre des paroles que j\u2019avais moi-m\u00eame invoqu\u00e9es.<br>\u00ab Et alors ?\u00bb demandai-je.<br>\u00ab Eh bien, nous avons cr\u00e9\u00e9 ceci, c\u2019est un club o\u00f9 l\u2019on refuse le sport, d\u2019ailleurs, je ne suis pr\u00e9sident que cette semaine si je perds du poids \u00bb<br>\u00ab Pardon ? \u00bb<br>\u00ab Oui, le mardi, tous les membres se p\u00e8sent sur la balance que vous voyez l\u00e0 \u00bb me dit-il en indiquant un p\u00e8se personne au fond de la pi\u00e8ce, pr\u00e8s des toilettes.<br>\u00ab Le plus lourd devient automatiquement le pr\u00e9sident, et vous voyez la dame qui joue \u00e0 la belote l\u00e0-bas en se goinfrant de frites ? Elle veut devenir pr\u00e9sidente. J\u2019ai bien peur que dans quelques semaines, je doive passer la main \u00bb.<br>\u00ab C\u2019est bizarre quand m\u00eame comme ASBL \u00bb remarquai-je.<br>\u00ab Oui, c\u2019est comme chez Weight Watchers \u00a9, mais, \u00e0 l\u2019envers. Quand un membre a pris du poids, on applaudit et on remet les verres. A la fin de la pes\u00e9e, celui qui est le plus lourd devient pr\u00e9sident, c\u2019est dans les statuts du club \u00bb<br>\u00ab Ah bon, et vous faites quoi apr\u00e8s ? \u00bb<br>\u00ab Ben, on boit, on mange, on chante, on s\u2019amuse, on regarde passer les coureurs parfois, mais pas quand il fait froid \u00bb<br>\u00ab Et il y a une cotisation ? \u00bb<br>\u00ab Vous pensez bien, avec tout ce qu\u2019on avale \u00bb<br>\u00ab Et \u00e0 combien se monte-elle ?\u00bb<br>\u00ab 300\u20ac \u00bb<br>\u00ab 300 \u20ac ? par an, c\u2019est cher ! \u00bb<br>\u00ab Non, non, par mois, mais les concours de \u2018mangeur de boudin\u2019, et le \u2018Leffe for life\u2019 sont compris\u00bb<br>\u00ab Le \u2018Leffe for Life\u2019, c\u2019est quoi ? \u00bb<br>\u00ab Eh bien, on boit de la Leffe tant qu\u2019on peut et on donne les b\u00e9n\u00e9fices \u00e0 la RTBF \u00bb<br>\u00ab Ah, c\u2019est sympa \u00e7a ! \u00bb<br>\u00ab Vous buvez quelque chose ? C\u2019est offert par le club pour les membres potentiels \u00bb<br>\u00ab Je veux bien une Leffe, merci \u00bb<br>C\u2019est ainsi que vers 23:00, ce soir-l\u00e0, je rentrai \u00e0 la maison, d\u00e9mont\u00e9 comme un pneu, apr\u00e8s avoir gagn\u00e9 le concours interne organis\u00e9 pour les entrainements du \u2018Leffe for Life\u2019.<br>Entretemps, j\u2019avais aussi pay\u00e9 ma cotisation pour les 6 prochains mois. Uniquement les jeudis. 150\u20ac par mois, donc.<br>Je me rends donc depuis lors, tous les mardis \u00e0 \u00ab Courir pour mieux Vivre \u00bb et tous les jeudis \u00e0 \u00ab Plut\u00f4t Mourir que Courir \u00bb ! \u00c7a me fait un bien fou !<br>Si vous voulez des renseignements sur \u00ab Plut\u00f4t Mourir que Courir \u00bb, merci de me contacter en \u00ab Message Priv\u00e9 \u00bb.<\/strong><\/p>\n\n\n\n<p><\/p>\n<\/div><\/div>\n","protected":false},"excerpt":{"rendered":"","protected":false},"author":1,"featured_media":0,"parent":0,"menu_order":0,"comment_status":"closed","ping_status":"closed","template":"","meta":{"site-sidebar-layout":"default","site-content-layout":"","ast-site-content-layout":"","site-content-style":"default","site-sidebar-style":"default","ast-global-header-display":"","ast-banner-title-visibility":"","ast-main-header-display":"","ast-hfb-above-header-display":"","ast-hfb-below-header-display":"","ast-hfb-mobile-header-display":"","site-post-title":"","ast-breadcrumbs-content":"","ast-featured-img":"","footer-sml-layout":"","theme-transparent-header-meta":"","adv-header-id-meta":"","stick-header-meta":"","header-above-stick-meta":"","header-main-stick-meta":"","header-below-stick-meta":"","astra-migrate-meta-layouts":"default","ast-page-background-enabled":"default","ast-page-background-meta":{"desktop":{"background-color":"var(--ast-global-color-4)","background-image":"","background-repeat":"repeat","background-position":"center center","background-size":"auto","background-attachment":"scroll","background-type":"","background-media":"","overlay-type":"","overlay-color":"","overlay-gradient":""},"tablet":{"background-color":"","background-image":"","background-repeat":"repeat","background-position":"center center","background-size":"auto","background-attachment":"scroll","background-type":"","background-media":"","overlay-type":"","overlay-color":"","overlay-gradient":""},"mobile":{"background-color":"","background-image":"","background-repeat":"repeat","background-position":"center center","background-size":"auto","background-attachment":"scroll","background-type":"","background-media":"","overlay-type":"","overlay-color":"","overlay-gradient":""}},"ast-content-background-meta":{"desktop":{"background-color":"var(--ast-global-color-5)","background-image":"","background-repeat":"repeat","background-position":"center center","background-size":"auto","background-attachment":"scroll","background-type":"","background-media":"","overlay-type":"","overlay-color":"","overlay-gradient":""},"tablet":{"background-color":"var(--ast-global-color-5)","background-image":"","background-repeat":"repeat","background-position":"center center","background-size":"auto","background-attachment":"scroll","background-type":"","background-media":"","overlay-type":"","overlay-color":"","overlay-gradient":""},"mobile":{"background-color":"var(--ast-global-color-5)","background-image":"","background-repeat":"repeat","background-position":"center center","background-size":"auto","background-attachment":"scroll","background-type":"","background-media":"","overlay-type":"","overlay-color":"","overlay-gradient":""}},"footnotes":""},"class_list":["post-2104","page","type-page","status-publish","hentry"],"_links":{"self":[{"href":"https:\/\/nalinnes.org\/index.php?rest_route=\/wp\/v2\/pages\/2104","targetHints":{"allow":["GET"]}}],"collection":[{"href":"https:\/\/nalinnes.org\/index.php?rest_route=\/wp\/v2\/pages"}],"about":[{"href":"https:\/\/nalinnes.org\/index.php?rest_route=\/wp\/v2\/types\/page"}],"author":[{"embeddable":true,"href":"https:\/\/nalinnes.org\/index.php?rest_route=\/wp\/v2\/users\/1"}],"replies":[{"embeddable":true,"href":"https:\/\/nalinnes.org\/index.php?rest_route=%2Fwp%2Fv2%2Fcomments&post=2104"}],"version-history":[{"count":2,"href":"https:\/\/nalinnes.org\/index.php?rest_route=\/wp\/v2\/pages\/2104\/revisions"}],"predecessor-version":[{"id":2107,"href":"https:\/\/nalinnes.org\/index.php?rest_route=\/wp\/v2\/pages\/2104\/revisions\/2107"}],"wp:attachment":[{"href":"https:\/\/nalinnes.org\/index.php?rest_route=%2Fwp%2Fv2%2Fmedia&parent=2104"}],"curies":[{"name":"wp","href":"https:\/\/api.w.org\/{rel}","templated":true}]}}