{"id":2017,"date":"2022-09-06T12:44:37","date_gmt":"2022-09-06T12:44:37","guid":{"rendered":"https:\/\/nalinnes.org\/?page_id=2017"},"modified":"2022-09-09T09:15:48","modified_gmt":"2022-09-09T09:15:48","slug":"nenesse-en-wallon","status":"publish","type":"page","link":"https:\/\/nalinnes.org\/?page_id=2017","title":{"rendered":"FaceBrousse"},"content":{"rendered":"\n<figure class=\"wp-block-image size-large is-resized is-style-default\"><img loading=\"lazy\" decoding=\"async\" src=\"https:\/\/nalinnes.org\/wp-content\/uploads\/2022\/09\/IMG_4452-768x1024.jpg\" alt=\"\" class=\"wp-image-2064\" width=\"541\" height=\"721\" srcset=\"https:\/\/nalinnes.org\/wp-content\/uploads\/2022\/09\/IMG_4452-768x1024.jpg 768w, https:\/\/nalinnes.org\/wp-content\/uploads\/2022\/09\/IMG_4452-225x300.jpg 225w, https:\/\/nalinnes.org\/wp-content\/uploads\/2022\/09\/IMG_4452-1152x1536.jpg 1152w, https:\/\/nalinnes.org\/wp-content\/uploads\/2022\/09\/IMG_4452.jpg 1536w\" sizes=\"auto, (max-width: 541px) 100vw, 541px\" \/><\/figure>\n\n\n\n<div class=\"wp-block-uagb-container uagb-block-00e556d1 alignfull uagb-is-root-container\"><div class=\"uagb-container-inner-blocks-wrap\">\n<p class=\"has-ast-global-color-8-color has-text-color has-background\" style=\"background-color:#0792e3cc\"><strong>Vous le savez sans doute, il y a quelques ann\u00e9es a \u00e9t\u00e9 d\u00e9couverte une grotte du c\u00f4t\u00e9 du moulin, dans le bois de Baconval. Cette trouvaille \u00e9tait rest\u00e9e discr\u00e8te car s\u2019y trouvaient de magnifiques \u00e9critures rupestres. Il fallait du temps aux experts pour d\u00e9crypter et analyser cette improbable trace de notre pass\u00e9. C\u2019est chose faite apr\u00e8s de nombreux efforts et je peux aujourd\u2019hui vous en d\u00e9voiler la teneur.<br>Le site a \u00e9t\u00e9 referm\u00e9 pour pr\u00e9venir l\u2019humidit\u00e9 et le garder intact. Je n\u2019en d\u00e9voilerai donc pas la location exacte. Je peux juste divulguer que ce n\u2019est pas loin du local de \u00ab Plut\u00f4t Mourir que Courir \u00bb.<br>Tout d\u2019abord, il semblerait qu\u2019il ne s\u2019agissait pas d\u2019un endroit de vie mais plut\u00f4t un lieu o\u00f9 l\u2019on venait informer et s\u2019informer. On y poussait aussi ses petits \u00ab coups de gueules \u00bb.<br>La datation au Carbone 14 (14C) sur un os de poulet qui servait probablement de stylet nous permet d\u2019affirmer avec certitude que le site a \u00e9t\u00e9 fr\u00e9quent\u00e9 durant l\u2019aurignacien, entre -37.000 et -33.000 ans.<br>En voici quelques extraits tir\u00e9s \u00e7\u00e0 et l\u00e0.<br>Il s\u2019agit noms d\u2019emprunt en vue de respecter la confidentialit\u00e9 (RGPD).<br>Pruritte : \u00ab Qui est le crapuleux qui a jet\u00e9 les restes de son cheval en face de ma grotte ? \u00bb<br>Fulbert : \u00ab @Pruritte, D\u00e9sol\u00e9, c\u2019est moi. On a mari\u00e9 ma fille hier. Je viendrai ramasser \u00bb<br>Pruritte : \u00ab OK, pas de probl\u00e8me ! F\u00e9licitation ! Vous avez eu assez avec un cheval ?\u00bb<br>Fulbert : \u00ab Oui, on \u00e9tait en comit\u00e9 r\u00e9duit \u00e0 cause de l\u2019\u00e9pid\u00e9mie de SRAS-COV-35000 \u00bb<br>Cr\u00e9pin : \u00ab A propos, qu\u2019est-ce qu\u2019on peut mettre pour les poubelles lundi ?\u00bb<br>Louis-Jean : \u00ab Personne ne ramasse les poubelles, imb\u00e9cile ! Les mouches s\u2019en occupent ! \u00bb<br>Spermafroste : \u00ab Vous avez vu ? Il y a encore des \u00e9trangers de la grotte des Sarrasins, \u00e0 Loverval, qui font creuser une grotte pour leurs enfants devant notre ruisseau. On n\u2019est plus tranquille ! \u00bb<br>Chifoumi : \u00ab Oui, si \u00e7a tombe, dans 20 ans, on ne pourra plus aller s\u2019y laver les pieds. Ce sera priv\u00e9. Qui autorise \u00e7a ? \u00bb<br>Spermafroste : \u00ab En plus il y des convois de mammouths qui passe devant chez nous. C\u2019est scandaleux ! \u00bb<br>Ariane l\u2019Orf\u00e8vre \u00ab Pour vos plaintes, merci de vous adresser en haut-lieu. Ce site (qqr**) n\u2019est pas un bureau des recommandations. \u00bb<br>** qqr = Qu\u2019est-ce Qu\u2019on Rit ! = lol<br>Chifoumi \u00ab Esp\u00e8ce de grrruttresj eozo ndjj rjrj \u00bb **<br>Il semblerait qu\u2019un administrateur de la grotte aie effac\u00e9 cette partie avec une granit dur. Peter_Master : \u00ab @Chifoumi, depuis quand tu te laves les pieds, toi ? \u00bb Francis Gnaka : \u00ab @Peter_Master, t\u2019as raison, quand Chifoumi vient chercher des carottes dans ma grhalle, on doit faire courant d\u2019air pendant trois jours. qqr\u00bb<br>grhalle : sorte d\u2019\u00e9picerie pr\u00e9historique V\u00ee Nenesse \u00ab Infirmi\u00e8re, j\u2019ai fait ! \u00bb<br>**Il semblerait que des descendants de nos anc\u00eatres soit encore implant\u00e9 dans Nalinnes.<br>Chifoumi \u00ab @Francis Gnaka @Peter_Master, vous \u00eates tous les deux une bande de ghjuyd fdkuu **\u00bb<br>**granit\u00e9 (\u00e0 l\u2019\u00e9poque la censure \u00e9tait r\u00e9alis\u00e9e avec du granit).<br>St\u00e9phanette : \u00ab Quelqu\u2019un aurait vu notre chauve-souris ? Elle s\u2019est enfouie de la grotte hier soir. Les enfants sont tr\u00e8s tristes. Elle s\u2019appelle Pipistrelle, elle est puc\u00e9e (elle se gratte tout le temps). Elle est sourde.<br>Fistula Nall : \u00ab @St\u00e9phanette, J\u2019en ai vu une \u00e9cras\u00e9e contre un arbre. Elle n\u2019a pas d\u00fb l\u2019entendre. On l\u2019a bouff\u00e9e au p\u2019tit D\u00e8j\u2019 ; d\u00e9sol\u00e9e \u00bb.<br>St\u00e9phanette : \u00ab Merci pour l\u2019info. Bon app\u00e9tit. Si vous avez encore les os, on pourrait l\u2019enterrer. \u00c7a ferait plaisir aux enfants \u00bb.<br>Marloy A : \u00ab Est-ce qu\u2019on peut couper les arbres le samedi ? \u00bb<br>Louis-Jean : \u00ab \u00e7a d\u00e9pend s\u2019il y a des gens qui vivent dedans \u00bb<br>Laurine Ch\u00e9ri : \u00ab Vous n\u2019avez pas honte de couper des arbres ? Que diront nos descendant quand ils n\u2019auront plus de cure-dents ? \u00bb<br>Francis Gnaka : \u00ab@Laurine Ch\u00e9ri , si \u00e7a tombe, ils n\u2019auront plus de dents \u00bb<br>Peter_Master : \u00ab @Francis Gnaka, c\u2019est pas faux \u00bb<br>Bultcha \u00ab @Laurine Ch\u00e9ri , mais taisez-vous, vous n\u2019y connaissez rien ! Allez jouer avec vos poup\u00e9es !\u00bb<br>Peter_Master : \u00ab En m\u00eame temps, des arbres, il y en a plein !\u00bb<br>Francis Gnaka : \u00ab@Peter_Master , c\u2019est pas faux \u00bb<br>Laurine Ch\u00e9ri : \u00abOk, tr\u00e8s bien, je vais lancer une p\u00e9tition ! Ah aha ! \u00e7a vous la coupe, hein ? alors, camembert !\u00bb<br>Voil\u00e0, il s\u2019agit juste d\u2019un petit extrait. Peut-\u00eatre aurai-je de plus amples informations dans les prochains jours.<\/strong><\/p>\n<\/div><\/div>\n","protected":false},"excerpt":{"rendered":"","protected":false},"author":1,"featured_media":0,"parent":0,"menu_order":0,"comment_status":"closed","ping_status":"closed","template":"","meta":{"site-sidebar-layout":"default","site-content-layout":"","ast-site-content-layout":"","site-content-style":"default","site-sidebar-style":"default","ast-global-header-display":"","ast-banner-title-visibility":"","ast-main-header-display":"","ast-hfb-above-header-display":"","ast-hfb-below-header-display":"","ast-hfb-mobile-header-display":"","site-post-title":"disabled","ast-breadcrumbs-content":"","ast-featured-img":"","footer-sml-layout":"","theme-transparent-header-meta":"","adv-header-id-meta":"","stick-header-meta":"","header-above-stick-meta":"","header-main-stick-meta":"","header-below-stick-meta":"","astra-migrate-meta-layouts":"default","ast-page-background-enabled":"default","ast-page-background-meta":{"desktop":{"background-color":"var(--ast-global-color-4)","background-image":"","background-repeat":"repeat","background-position":"center center","background-size":"auto","background-attachment":"scroll","background-type":"","background-media":"","overlay-type":"","overlay-color":"","overlay-gradient":""},"tablet":{"background-color":"","background-image":"","background-repeat":"repeat","background-position":"center center","background-size":"auto","background-attachment":"scroll","background-type":"","background-media":"","overlay-type":"","overlay-color":"","overlay-gradient":""},"mobile":{"background-color":"","background-image":"","background-repeat":"repeat","background-position":"center center","background-size":"auto","background-attachment":"scroll","background-type":"","background-media":"","overlay-type":"","overlay-color":"","overlay-gradient":""}},"ast-content-background-meta":{"desktop":{"background-color":"var(--ast-global-color-5)","background-image":"","background-repeat":"repeat","background-position":"center center","background-size":"auto","background-attachment":"scroll","background-type":"","background-media":"","overlay-type":"","overlay-color":"","overlay-gradient":""},"tablet":{"background-color":"var(--ast-global-color-5)","background-image":"","background-repeat":"repeat","background-position":"center center","background-size":"auto","background-attachment":"scroll","background-type":"","background-media":"","overlay-type":"","overlay-color":"","overlay-gradient":""},"mobile":{"background-color":"var(--ast-global-color-5)","background-image":"","background-repeat":"repeat","background-position":"center center","background-size":"auto","background-attachment":"scroll","background-type":"","background-media":"","overlay-type":"","overlay-color":"","overlay-gradient":""}},"footnotes":""},"class_list":["post-2017","page","type-page","status-publish","hentry"],"_links":{"self":[{"href":"https:\/\/nalinnes.org\/index.php?rest_route=\/wp\/v2\/pages\/2017","targetHints":{"allow":["GET"]}}],"collection":[{"href":"https:\/\/nalinnes.org\/index.php?rest_route=\/wp\/v2\/pages"}],"about":[{"href":"https:\/\/nalinnes.org\/index.php?rest_route=\/wp\/v2\/types\/page"}],"author":[{"embeddable":true,"href":"https:\/\/nalinnes.org\/index.php?rest_route=\/wp\/v2\/users\/1"}],"replies":[{"embeddable":true,"href":"https:\/\/nalinnes.org\/index.php?rest_route=%2Fwp%2Fv2%2Fcomments&post=2017"}],"version-history":[{"count":8,"href":"https:\/\/nalinnes.org\/index.php?rest_route=\/wp\/v2\/pages\/2017\/revisions"}],"predecessor-version":[{"id":2070,"href":"https:\/\/nalinnes.org\/index.php?rest_route=\/wp\/v2\/pages\/2017\/revisions\/2070"}],"wp:attachment":[{"href":"https:\/\/nalinnes.org\/index.php?rest_route=%2Fwp%2Fv2%2Fmedia&parent=2017"}],"curies":[{"name":"wp","href":"https:\/\/api.w.org\/{rel}","templated":true}]}}