{"id":2,"date":"2022-09-01T12:23:26","date_gmt":"2022-09-01T12:23:26","guid":{"rendered":"http:\/\/nalinnes.org\/?page_id=2"},"modified":"2022-09-14T10:00:10","modified_gmt":"2022-09-14T10:00:10","slug":"sample-page","status":"publish","type":"page","link":"https:\/\/nalinnes.org\/?page_id=2","title":{"rendered":"A vendre"},"content":{"rendered":"\n<figure class=\"wp-block-image size-medium is-resized is-style-rounded\"><img decoding=\"async\" src=\"https:\/\/nalinnes.org\/wp-content\/uploads\/2022\/09\/terrain_a_vendre-300x231.jpg\" alt=\"\" class=\"wp-image-1884\" width=\"292\" srcset=\"https:\/\/nalinnes.org\/wp-content\/uploads\/2022\/09\/terrain_a_vendre-300x231.jpg 300w, https:\/\/nalinnes.org\/wp-content\/uploads\/2022\/09\/terrain_a_vendre.jpg 552w\" sizes=\"(max-width: 300px) 100vw, 300px\" \/><\/figure>\n\n\n\n<p class=\"has-ast-global-color-6-color has-text-color has-background has-medium-font-size\" style=\"background-color:#0792e3d9;line-height:2.3\">Dans mon village, les gens sont sympathiques.<br>Ils aiment bien r\u00e2ler.<br>La mode actuelle, c\u2019est de se plaindre parce qu\u2019on construit trop dans le village.<br>Et qu\u2019on n\u00e8 plu ch\u00e9 soi, ma bone Dame.<br>Et que tout c\u00e8s \u00e9treng\u00e9 qui nous zenva\u00efsse avec leur pognon.<br>Et que ces \u00e0 cose de sa qu\u2019il y a plin de voiture qui \u00e9craze tout les zenfant.<br>Et que le vilage devient une cit\u00e9 dortwar.<br>Et que c\u2019\u00e9tais mieut avan.<br>Soit.<br>Alors je dis : \u00ab Pourquoi tant de haine ?\u00bb<br>Elle n\u2019est pas jolie notre commune ? Il y fait bon vivre ?<br>Oui ? Ben alors. C\u2019est normal que d\u2019autres veulent venir y habiter. Non ?<br>Ah oui m\u00e9 alor, bienteau on s\u2019ra une banlieuwe de Charlerwa !<br>Soit !<br>Pour construire une maison, il faut un terrain. Et le terrain, on l\u2019ach\u00e8te \u00e0 qui ?<br>Heuuuuuuu !<br>Dans la majorit\u00e9, pas toujours, \u00e0 un habitant du cru !<br>Bin ouais ! Et alaur ?<br>Ben alors. C\u2019est son droit, non ? Ce n\u2019est pas toi qui vantes les joies de la \u00ab Libre entreprise \u00bb dans ton parti ?<br>Hein ? Y faurais intairdir de vendre \u00e0 un qui n\u00e8 pas d\u2019issi !<br>A quel degr\u00e9 ? Et apr\u00e8s combien de temps est-on d\u2019ici ?<br>Heeuu les degr\u00e9s ? L\u00f4p\u00f4kompris !<br>Imagine que tu as achet\u00e9 un terrain il y a vingt ans pour tes enfants et qu\u2019ils sont partis vivre ailleurs. Tu peux vendre \u00e0 ton cousin ?<br>Ah ouais ! A mon cousin rob\u00e9r on peu bien !<br>Quel degr\u00e9 ?<br>Heeeu !<br>C\u2019est ton cousin germain ?<br>Bin non, ces Rob\u00e8r. Je viens d\u2019te l\u2019dire, imbaissil !<br>Je veux dire : C\u2019est le fils de ta tante ? De ton oncle ?<br>Bin non, c\u2019est le fils du fr\u00e8re de la m\u00e8re de mon deuziaime p\u00e8re.<br>C\u2019est \u00e7a le degr\u00e9. Donc, on peut revendre son terrain \u00e0 un cousin du 9\u00e8me degr\u00e9 ?<br>Pas le dixi\u00e8me ?<br>Ouais !<br>Si Robert \u00e0 une fille qui voudrait acheter, tu peux vendre ?<br>Ah ouais hein ! C\u2019est Mart\u00e8ne. Elle est bonne Mart\u00e8ne.<br>Bon ben ok. Sache que la moiti\u00e9 d\u2019humanit\u00e9 est plus ou moins cousine au 10\u00e8me degr\u00e9 avec l\u2019autre moiti\u00e9.<br>Ah ouais ?<br>En effet. Donc, \u00e7a ne marche pas !<br>Tu disais qu\u2019il fallait \u00eatre d\u2019ici.<br>Ouais ! moi mon p\u00e9re et ma m\u00e9re, y zon v\u2019nu ici en 1970.<br>Quel jour ?<br>Pourqwa ?<br>Admettons le 10 janvier.<br>Ouais.<br>Donc, les gens qui sont arriv\u00e9s un 11 janvier 1970, ils ne sont pas d\u2019ici ?<br>Heeeuu ! Ah bin si ! Mon voizin Patric, y zon v\u2019nu en 75.<br>Et il est d\u2019ici, Patrick ?<br>Bin ouais hein ! Y fez la Marche.<br>Donc, un \u00e9tranger, c\u2019est quelqu\u2019un qui est arriv\u00e9 apr\u00e8s le 10 janvier 1970 et qui ne fait pas la Marche ?<br>Heeu ouais !<br>Et s\u2019il est arriv\u00e9 cette ann\u00e9e et qu\u2019il fait la Marche, il est d\u2019ici ?<br>Ah bin non hein ! Faux pas xageair\u00e9.<br>Bon ben alors. C\u2019est qui \u00ab quelqu\u2019un d\u2019ici \u00bb.<br>Je n\u2019s\u00e9 plu moi. J\u00e9 mal a ma t\u00e9\u00e9\u00e9\u00e9t !<br>On pourrait, par exemple interdire de construire s\u2019il reste des maisons inoccup\u00e9es \u00e0 vendre ?<br>A ouais, sa ces bien !<br>OK. Mais si des gens veulent construire parce qu\u2019il n\u2019y a que des petites maisons et qu\u2019ils sont sept ?<br>Tes mal\u00e2te ? Ces cor des \u00e9trang\u00e9s sa !<br>Soit ! Imagine que ce soit ton cousin Robert, sa femme et leur 5 enfants.<br>Ah ouais ! bin la, il peux construir.<br>Et l\u2019inverse. S\u2019il n\u2018y a que des grosses maisons et qu\u2019un couple veux s\u2019installer ?<br>Y peuve ! J\u2019ai bon ?<br>Soit. Mais qui va d\u00e9cider de la taille autoris\u00e9e d\u2019une maison par rapport \u00e0 la famille qui veut s\u2019y installer ?<br>Heuuuu. Le bourgmesss !<br>OK. Mais \u00e7a va \u00eatre compliqu\u00e9 et \u00e7a va provoquer des conflits d\u2019int\u00e9r\u00eat.<br>il est payer pour sa, non ?<br>On pourrait aussi acheter tous les terrains \u00e0 vendre et les laisser inutilis\u00e9s. Non ?<br>A ouais, sa ces bien !<br>Mais qui va payer ?<br>Bin, la comune da !<br>Avec quel argent ? Celui de tes imp\u00f4ts ?<br>Ah non, on paye ass\u00e9 des zimpeaux come sa !<br>Tu pourrais les racheter toi, ces terrains. Tu es riche !<br>Et sa va me raporter quoi ?<br>Rien, c\u2019est pour la bonne cause.<br>Rien du tou !<br>Voila. Nous sommes dans une impasse.<\/p>\n\n\n\n<p class=\"has-ast-global-color-6-color has-text-color has-background has-medium-font-size\" style=\"background-color:#0792e352;line-height:2.3\">Ps :<br>L\u2019autre fois je voyais un primo arrivant qui se battait \u00e2prement un dimanche midi avec un agriculteur qui cultivait son champ tout proche.<br>Il voulait la paix dans sa toute nouvelle maison construite \u2026. sur le terrain que le m\u00eame fermier lui avait vendu l\u2019ann\u00e9e d\u2019avant.<br>Etonnant non ?<\/p>\n","protected":false},"excerpt":{"rendered":"<p>Dans mon village, les gens sont sympathiques.Ils aiment bien r\u00e2ler.La mode actuelle, c\u2019est de se plaindre parce qu\u2019on construit trop dans le village.Et qu\u2019on n\u00e8 plu ch\u00e9 soi, ma bone Dame.Et que tout c\u00e8s \u00e9treng\u00e9 qui nous zenva\u00efsse avec leur pognon.Et que ces \u00e0 cose de sa qu\u2019il y a plin de voiture qui \u00e9craze [&hellip;]<\/p>\n","protected":false},"author":1,"featured_media":0,"parent":0,"menu_order":0,"comment_status":"closed","ping_status":"closed","template":"","meta":{"site-sidebar-layout":"default","site-content-layout":"","ast-site-content-layout":"","site-content-style":"default","site-sidebar-style":"default","ast-global-header-display":"","ast-banner-title-visibility":"","ast-main-header-display":"","ast-hfb-above-header-display":"","ast-hfb-below-header-display":"","ast-hfb-mobile-header-display":"","site-post-title":"","ast-breadcrumbs-content":"","ast-featured-img":"","footer-sml-layout":"","theme-transparent-header-meta":"","adv-header-id-meta":"","stick-header-meta":"","header-above-stick-meta":"","header-main-stick-meta":"","header-below-stick-meta":"","astra-migrate-meta-layouts":"default","ast-page-background-enabled":"default","ast-page-background-meta":{"desktop":{"background-color":"var(--ast-global-color-4)","background-image":"","background-repeat":"repeat","background-position":"center center","background-size":"auto","background-attachment":"scroll","background-type":"","background-media":"","overlay-type":"","overlay-color":"","overlay-gradient":""},"tablet":{"background-color":"","background-image":"","background-repeat":"repeat","background-position":"center center","background-size":"auto","background-attachment":"scroll","background-type":"","background-media":"","overlay-type":"","overlay-color":"","overlay-gradient":""},"mobile":{"background-color":"","background-image":"","background-repeat":"repeat","background-position":"center center","background-size":"auto","background-attachment":"scroll","background-type":"","background-media":"","overlay-type":"","overlay-color":"","overlay-gradient":""}},"ast-content-background-meta":{"desktop":{"background-color":"var(--ast-global-color-5)","background-image":"","background-repeat":"repeat","background-position":"center center","background-size":"auto","background-attachment":"scroll","background-type":"","background-media":"","overlay-type":"","overlay-color":"","overlay-gradient":""},"tablet":{"background-color":"var(--ast-global-color-5)","background-image":"","background-repeat":"repeat","background-position":"center center","background-size":"auto","background-attachment":"scroll","background-type":"","background-media":"","overlay-type":"","overlay-color":"","overlay-gradient":""},"mobile":{"background-color":"var(--ast-global-color-5)","background-image":"","background-repeat":"repeat","background-position":"center center","background-size":"auto","background-attachment":"scroll","background-type":"","background-media":"","overlay-type":"","overlay-color":"","overlay-gradient":""}},"footnotes":""},"class_list":["post-2","page","type-page","status-publish","hentry"],"_links":{"self":[{"href":"https:\/\/nalinnes.org\/index.php?rest_route=\/wp\/v2\/pages\/2","targetHints":{"allow":["GET"]}}],"collection":[{"href":"https:\/\/nalinnes.org\/index.php?rest_route=\/wp\/v2\/pages"}],"about":[{"href":"https:\/\/nalinnes.org\/index.php?rest_route=\/wp\/v2\/types\/page"}],"author":[{"embeddable":true,"href":"https:\/\/nalinnes.org\/index.php?rest_route=\/wp\/v2\/users\/1"}],"replies":[{"embeddable":true,"href":"https:\/\/nalinnes.org\/index.php?rest_route=%2Fwp%2Fv2%2Fcomments&post=2"}],"version-history":[{"count":11,"href":"https:\/\/nalinnes.org\/index.php?rest_route=\/wp\/v2\/pages\/2\/revisions"}],"predecessor-version":[{"id":2174,"href":"https:\/\/nalinnes.org\/index.php?rest_route=\/wp\/v2\/pages\/2\/revisions\/2174"}],"wp:attachment":[{"href":"https:\/\/nalinnes.org\/index.php?rest_route=%2Fwp%2Fv2%2Fmedia&parent=2"}],"curies":[{"name":"wp","href":"https:\/\/api.w.org\/{rel}","templated":true}]}}