{"id":1987,"date":"2022-09-06T11:40:11","date_gmt":"2022-09-06T11:40:11","guid":{"rendered":"https:\/\/nalinnes.org\/?page_id=1987"},"modified":"2022-09-09T08:56:11","modified_gmt":"2022-09-09T08:56:11","slug":"les-deux-fentes","status":"publish","type":"page","link":"https:\/\/nalinnes.org\/?page_id=1987","title":{"rendered":"Les deux Fentes"},"content":{"rendered":"\n<figure class=\"wp-block-image size-full is-resized is-style-default\"><img loading=\"lazy\" decoding=\"async\" src=\"https:\/\/nalinnes.org\/wp-content\/uploads\/2022\/09\/Fentes.png\" alt=\"\" class=\"wp-image-1989\" width=\"457\" height=\"274\"\/><\/figure>\n\n\n\n<div class=\"wp-block-uagb-container uagb-block-41bb0102 alignfull uagb-is-root-container\"><div class=\"uagb-container-inner-blocks-wrap\">\n<p class=\"has-white-color has-text-color has-background\" style=\"background-color:#4193e0c4\">C\u2019est en 1972 que deux physiciens de Nalinnes, ont tent\u00e9 d\u2019am\u00e9liorer la fameuse exp\u00e9rience des deux fentes (1801) qui aura laiss\u00e9 perplexes des g\u00e9n\u00e9rations de physiciens et qui sera la base de la th\u00e9orie quantique (de Cantat, le chanteur du groupe \u201cNoir-D\u00e9sir \u00bb qui \u00e9tait tr\u00e8s dou\u00e9 pour les impacts).<br>Rappelons-nous\u2026<br>Un exp\u00e9rimentateur tire au fusil sur un planche contenant une fente. Sur le mur, derri\u00e8re, se forme une ligne faite des balles qui n\u2019ont pas ricoch\u00e9s sur la planche mais qui sont pass\u00e9s au travers de la fente.<br>Si on ajoute une fente, il y aura deux lignes. Simple !<\/p>\n\n\n\n<p class=\"has-white-color has-text-color has-background\" style=\"background-color:#4193e0c4\">Voyons maintenant avec de l\u2019eau. On installe une plaque faite d\u2019une fente dans l\u2019eau et on provoque des vagues r\u00e9guli\u00e8res, tout en mesurant l\u2019impact de celles-ci sur le mur plac\u00e9 derri\u00e8re la plaque. On Remarque que l\u2019impact est le plus fort juste \u00e0 hauteur de la fente.<br>Cependant, si on ajoute une deuxi\u00e8me fente, derri\u00e8re celles-ci, se forme une perturbation qui fait s\u2019entrecroiser les vagues \u00e0 la sortie des deux fentes. Sur le mur, les impacts mesur\u00e9s sont \u00e9tendus \u00e0 toute sa largeur, comme des colonnes.<\/p>\n\n\n\n<p class=\"has-white-color has-text-color has-background\" style=\"background-color:#4193e0c4\">Si on r\u00e9alise l\u2019exp\u00e9rience avec de la lumi\u00e8re (des photons), on obtient le m\u00eame r\u00e9sultat qu\u2019avec des vagues.<br>Plus rigolo, si on acc\u00e9l\u00e8re des \u00e9lectrons (qui sont de la mati\u00e8re), on a aussi le m\u00eame r\u00e9sultat.<br>On pense donc que les photons et les \u00e9lectrons, sont, comme les vagues d\u2019eau : des ondes.<br>On se dit, tiens ! Nomdidju, ne lan\u00e7ons qu\u2019un \u00e9lectron \u00e0 la fois, comme \u00e7a, l\u2019interaction \u00e0 la sortie des fentes ne se fera pas et nous aurons deux belles lignes sur le mur.<br>Potferdek ! c\u2019\u00e9taient encore les perturbations \u00e0 l\u2019arri\u00e8re !<br>P\u2026n de b\u2026l de m..e, ils commencent \u00e0 nous faire les peler ces \u00e9lectrons. Ils se prennent pour qui ? Et j\u2019irai o\u00f9 je veux, comme je veux et si je veux, esp\u00e8ce d\u2019enfoir\u00e9 !<br>Plus tard, quand la technologie l\u2019a permis, des petits malins ont d\u00e9cid\u00e9 de mesurer par quelle fente passaient les \u00e9lectrons. Haha se sont-ils dit ! Tu ne vas plus la ramener, toi l\u2019\u00e9lectron ! on va te surveiller !<br>Eh bien, figurez-vous, c\u2019est \u00e0 se taper les balles par terre, les \u00e9lectrons se sont fich\u00e9s bien en deux lignes derri\u00e8re les deux fentes ! Noooooooooonnnnn, me direz-vous, et vous auriez bien raison. Eh bien, sur la vie de ma m\u00e8re, si !<br>C\u2019est donc la mesure qui aura interagi avec les \u00e9lectrons !<br>Par la suite, des th\u00e9ories fumeuses se sont propag\u00e9es.<br>Des insultes entre Danois, Anglais, Autrichiens et Allemands, des invectives, des noms d\u2019oiseaux pour en arriver en 1972 o\u00f9 nos deux comp\u00e8res Nalinnois, Albert Instinct et Charles Poppers (\u00e7a ne s\u2019invente pas !), fraichement dipl\u00f4m\u00e9s de l\u2019Universit\u00e9 du Travail du Bultia, eurent une id\u00e9e.<br>Ils souffraient tout deux d\u2019une malformation du cerveau. En effet, celui-ci \u00e9tait vide ! Plus vide que l\u2019espace intergalactique ! Plus vide que les pens\u00e9es d\u2019un commentateur sportif, plus vide \u2026 que le vide lui-m\u00eame.<br>Le passage d\u2019une particule entre leur deux oreilles ne pouvait donc pas interagir sur ladite particule.<br>Bon sang, mais c\u2019est bien s\u00fbr ! que la touffe de S\u0153ur Sourire m\u2019\u00e9touffe, dit Albert (il \u00e9tait tr\u00e8s croyant) ! nous avons l\u00e0 une belle exp\u00e9rience \u00e0 r\u00e9aliser.<br>Ils se mirent donc en campagne. Ils install\u00e8rent une grosse planche faites de deux fentes, plac\u00e9e devant un mur. Derri\u00e8re chaque fente, Albert, \u00e0 gauche et Charles \u00e0 droite se tiendraient \u00e0 l\u2019\u00e9coute une oreille devant chacune des fentes, l\u2019autre, face au mur.<br>Albert dirait \u00ab Ouille \u00bb \u00e0 chaque passage d\u2019une particule tandis que Charles crierait \u00ab Aie \u00bb. Tout \u00e9tait pr\u00eat !<br>Ah zut ! dis Charles (qui \u00e9tait un peu plus malin qu\u2019Albert mais pas assez cependant pour influer une mesure rigoureuse du passage d\u2019une biesse particule dans son cerveau), qui va lancer les \u00e9lectrons ?<br>Il leur fallait aussi un compteur de \u00ab Aie \u00bb et un compteur de \u00ab Ouille \u00bb.<br>Ils demand\u00e8rent alors de l\u2019aide dans leur entourage scolaire.<br>Vinrent donc se joindre aux scientifiques, des amis de classes. Maxime Planche (pour lancer les \u00e9lectrons), Louis de Broccoli (pour compter les \u00ab Ouille \u00bb) et Auguste Pilchard (pr\u00e9pos\u00e9 aux \u00ab Aie).<br>Maxime Planche, qui \u00e9tait encore plus b\u00eate que les autres, n\u2019avait rien trouv\u00e9 d\u2019autre qu\u2019une carabine \u00e0 plomb pour simuler les \u00e9lectrons.<br>Louis compta un \u00ab Ouille \u00bb, Auguste un \u00ab Aie \u00bb. L\u2019exp\u00e9rience s\u2019arr\u00eata l\u00e0 !<br>Dommage me direz-vous ?<br>Ben oui !<\/p>\n\n\n\n<p class=\"has-background\" style=\"background-color:#4193e0c4\"><\/p>\n<\/div><\/div>\n","protected":false},"excerpt":{"rendered":"","protected":false},"author":1,"featured_media":0,"parent":0,"menu_order":0,"comment_status":"closed","ping_status":"closed","template":"","meta":{"site-sidebar-layout":"default","site-content-layout":"","ast-site-content-layout":"","site-content-style":"default","site-sidebar-style":"default","ast-global-header-display":"","ast-banner-title-visibility":"","ast-main-header-display":"","ast-hfb-above-header-display":"","ast-hfb-below-header-display":"","ast-hfb-mobile-header-display":"","site-post-title":"","ast-breadcrumbs-content":"","ast-featured-img":"","footer-sml-layout":"","theme-transparent-header-meta":"","adv-header-id-meta":"","stick-header-meta":"","header-above-stick-meta":"","header-main-stick-meta":"","header-below-stick-meta":"","astra-migrate-meta-layouts":"default","ast-page-background-enabled":"default","ast-page-background-meta":{"desktop":{"background-color":"var(--ast-global-color-4)","background-image":"","background-repeat":"repeat","background-position":"center center","background-size":"auto","background-attachment":"scroll","background-type":"","background-media":"","overlay-type":"","overlay-color":"","overlay-gradient":""},"tablet":{"background-color":"","background-image":"","background-repeat":"repeat","background-position":"center center","background-size":"auto","background-attachment":"scroll","background-type":"","background-media":"","overlay-type":"","overlay-color":"","overlay-gradient":""},"mobile":{"background-color":"","background-image":"","background-repeat":"repeat","background-position":"center center","background-size":"auto","background-attachment":"scroll","background-type":"","background-media":"","overlay-type":"","overlay-color":"","overlay-gradient":""}},"ast-content-background-meta":{"desktop":{"background-color":"var(--ast-global-color-5)","background-image":"","background-repeat":"repeat","background-position":"center center","background-size":"auto","background-attachment":"scroll","background-type":"","background-media":"","overlay-type":"","overlay-color":"","overlay-gradient":""},"tablet":{"background-color":"var(--ast-global-color-5)","background-image":"","background-repeat":"repeat","background-position":"center center","background-size":"auto","background-attachment":"scroll","background-type":"","background-media":"","overlay-type":"","overlay-color":"","overlay-gradient":""},"mobile":{"background-color":"var(--ast-global-color-5)","background-image":"","background-repeat":"repeat","background-position":"center center","background-size":"auto","background-attachment":"scroll","background-type":"","background-media":"","overlay-type":"","overlay-color":"","overlay-gradient":""}},"footnotes":""},"class_list":["post-1987","page","type-page","status-publish","hentry"],"_links":{"self":[{"href":"https:\/\/nalinnes.org\/index.php?rest_route=\/wp\/v2\/pages\/1987","targetHints":{"allow":["GET"]}}],"collection":[{"href":"https:\/\/nalinnes.org\/index.php?rest_route=\/wp\/v2\/pages"}],"about":[{"href":"https:\/\/nalinnes.org\/index.php?rest_route=\/wp\/v2\/types\/page"}],"author":[{"embeddable":true,"href":"https:\/\/nalinnes.org\/index.php?rest_route=\/wp\/v2\/users\/1"}],"replies":[{"embeddable":true,"href":"https:\/\/nalinnes.org\/index.php?rest_route=%2Fwp%2Fv2%2Fcomments&post=1987"}],"version-history":[{"count":4,"href":"https:\/\/nalinnes.org\/index.php?rest_route=\/wp\/v2\/pages\/1987\/revisions"}],"predecessor-version":[{"id":2052,"href":"https:\/\/nalinnes.org\/index.php?rest_route=\/wp\/v2\/pages\/1987\/revisions\/2052"}],"wp:attachment":[{"href":"https:\/\/nalinnes.org\/index.php?rest_route=%2Fwp%2Fv2%2Fmedia&parent=1987"}],"curies":[{"name":"wp","href":"https:\/\/api.w.org\/{rel}","templated":true}]}}