{"id":1963,"date":"2022-09-05T11:35:41","date_gmt":"2022-09-05T11:35:41","guid":{"rendered":"https:\/\/nalinnes.org\/?page_id=1963"},"modified":"2022-09-08T05:30:26","modified_gmt":"2022-09-08T05:30:26","slug":"la-gougoutte","status":"publish","type":"page","link":"https:\/\/nalinnes.org\/?page_id=1963","title":{"rendered":"La Gougoutte"},"content":{"rendered":"\n<figure class=\"wp-block-image size-full is-style-default\"><img loading=\"lazy\" decoding=\"async\" width=\"257\" height=\"353\" src=\"https:\/\/nalinnes.org\/wp-content\/uploads\/2022\/09\/Gougoutte.png\" alt=\"\" class=\"wp-image-1965\" srcset=\"https:\/\/nalinnes.org\/wp-content\/uploads\/2022\/09\/Gougoutte.png 257w, https:\/\/nalinnes.org\/wp-content\/uploads\/2022\/09\/Gougoutte-218x300.png 218w\" sizes=\"auto, (max-width: 257px) 100vw, 257px\" \/><\/figure>\n\n\n\n<div class=\"wp-block-uagb-container uagb-block-a504af25 alignfull uagb-is-root-container\"><div class=\"uagb-container-inner-blocks-wrap\">\n<p><\/p>\n\n\n\n<p class=\"has-ast-global-color-8-color has-text-color has-background\" style=\"background-color:#0a9df2b3\">Aujourd\u2019hui, je voudrais partager mes sentiments \u00e0 propos d\u2019une curieuse manie qui, si j\u2019en crois mon \u00e9pouse, est propre \u00e0 l\u2019homme.<br>Je dirais m\u00eame, propre \u00e0 l\u2019homme de plus de cinquante ans.<br>Je dirais m\u00eame impropre.<br>Mais quelle est donc cette propension g\u00eanante qui pousse le m\u00e2le \u00e0 ne pas terminer ce qu\u2019il est en train d\u2019ex\u00e9cuter. Pourquoi faut-il qu\u2019il range ses outils avant m\u00eame d\u2019avoir termin\u00e9 le travail ? Pourquoi, alors, qu\u2019il reste du chemin pour accomplir sa t\u00e2che, faut-il qu\u2019il arr\u00eate tout pour passer \u00e0 autre chose ?<br>Vous vous en serez probablement dout\u00e9, je veux parler ici d\u2019une coutume qui traverse les si\u00e8cles et qui n\u2019a aucune explication scientifique. Une pierre mise \u00e0 l\u2019\u00e9difice des grandes \u00e9nigmes de la cr\u00e9ation et de la science. Un trou noir dans l\u2019\u00e9norme savoir de notre civilisation, une fissure dans la parfaite confiance que, depuis des mill\u00e9naires, l\u2019\u00eatre humain est parvenu \u00e0 forger.<br>J\u2019ai nomm\u00e9 : La Gougoutte !<br>Et oui, la Gougoutte ! Celle-l\u00e0 m\u00eame qui, insidieusement, refuse de terminer sa course dans les cuvettes ou urinoirs tels ses cong\u00e9n\u00e8res (qu\u2019on n\u2019appelle simplement gouttes) mais \u00e9choue lamentablement dans le pantalon de l\u2019individu qui regarde la sc\u00e8ne avec tristesse ne sachant que faire pour qu\u2019\u00e0 l\u2019avenir, cette satan\u00e9e Gougoutte soit une goutte comme une autre.<br>Adam lui-m\u00eame est cit\u00e9 dans le roman \u00ab Moi, Mon mari, \u2026 et la Gougoutte \u00bb de \u00c8ve (aux \u00e9ditions de la sainte C\u00f4te ISBN 000000001). Elle y d\u00e9crit son incessante opini\u00e2tret\u00e9 \u00e0 passer la feuille de vigne de son mari \u00e0 la machine \u00e0 90\u00b0c. Elle va m\u00eame jusqu\u2019\u00e0 demander le divorce qu\u2019elle n\u2019obtiendra pas faute de juge.<br>Plus tard, Mo\u00efse, en traversant la mer Rouge dit ceci :<br>\u00ab Merci Seigneur d\u2019avoir laiss\u00e9 un m\u00e8tre d\u2019eau pour me permettre de chasser toute trace de la Gougoutte et arriver ainsi sur la terre d\u2019Isra\u00ebl propre comme un shekel neuf \u00bb.<br>Et la communaut\u00e9 qui le suivais de crier \u00e0 l\u2019unissons \u00ab Ah Merde Mo\u00efse ! c\u2019est d\u00e9gueulasse !\u00bb.<br>Et les \u00e9gyptiens qui les pourchassaient : \u00ab Bon d\u00e9barras \u00bb<br>Dans le Saint Suaire de Turin encore, on rel\u00e8ve quelques traces de la Sainte-Gougoutte (hypoth\u00e9tique \u00e9vidence que JC se les serait gratt\u00e9es avant qu\u2019on lui attache le poignets).<\/p>\n\n\n\n<p class=\"has-ast-global-color-8-color has-text-color has-background\" style=\"background-color:#0a9df2b3\">Poursuivons notre qu\u00eate jusqu&#8217;au concile de Nic\u00e9e en 325 ou Constantin 1er voulu \u00e0 tout prix instaurer la Sainte-Quaternit\u00e9 (Le P\u00e8re, Le Fils, le Saint \u2013Esprit et la Gougoutte) sans succ\u00e8s.<\/p>\n\n\n\n<p class=\"has-ast-global-color-8-color has-text-color has-background\" style=\"background-color:#0a9df2b3\">Passons les tr\u00e8s nombreuses r\u00e9f\u00e9rences dans la litt\u00e9rature moyen\u00e2geuse comme ci-dessous dans la Chanson de Roland :<\/p>\n\n\n\n<p class=\"has-ast-global-color-8-color has-text-color has-background\" style=\"background-color:#0a9df2b3\">Ah, Durandal, comme tu es bonne et sainte !<br>Dans ton pommeau d&#8217;or sont de nombreuses reliques, Une dent de saint Pierre, du sang de saint Basile, Des cheveux de monseigneur saint Denis, et la Sainte Gougoutte!<\/p>\n\n\n\n<p class=\"has-ast-global-color-8-color has-text-color has-background\" style=\"background-color:#0a9df2b3\">Ou encore, pour reprendre les lignes du trop t\u00f4t disparu Gonzague Saint-Bris dans \u00ab Fran\u00e7ois Premier et la Renaissance \u00bb, lorsque celui-ci, lors d\u2019une chasse avec Charles-Quint, pour lui faire admirer Chambord, fait halte \u00e0 l\u2019or\u00e9e du bois, pr\u00e9textant un besoin pressant dit ceci (en voulant faire preuve d\u2019une connaissance linguistique improbable) :<br>\u00ab Tu Tanbien, la Gougouttas \u00bb ?<br>Et Charles Quint de r\u00e9pondre \u00ab Ja, Zeker ! \u00bb.<\/p>\n\n\n\n<p class=\"has-ast-global-color-8-color has-text-color has-background\" style=\"background-color:#0a9df2b3\">Pour enfin arriver \u00e0 l\u2019\u00e9poque contemporaine :<\/p>\n\n\n\n<p class=\"has-ast-global-color-8-color has-text-color has-background\" style=\"background-color:#0a9df2b3\">Georges Brassens, lui-m\u00eame, dans \u00ab Brave Margot \u00bb veux attribuer la \u00ab Gougoutte \u00bb \u00e0 celle-ci alors que tous les gars du village faisaient \u00ab La lalala la la !\u00bb .<br>Georges, connu pour son temp\u00e9rament anarchiste avait encore une fois d\u00e9tourn\u00e9 la v\u00e9rit\u00e9. Ce n\u2019est en effet pas Margot qui donne la Gougoutte \u00e0 son chat, mais bien les gars du village\u2026 \u00e0 Margot.<\/p>\n\n\n\n<p class=\"has-ast-global-color-8-color has-text-color has-background\" style=\"background-color:#0a9df2b3\">Long et p\u00e9nible pr\u00e9ambule \u00e0 mon expos\u00e9 me direz-vous ? C\u2019est vrai et je m\u2019en excuse !<br>Mon but n\u2019est autre que d\u2019installer la gougoutte dans un contexte qui le place au plus profond de notre histoire ainsi que dans nos cale\u00e7ons souill\u00e9s pour toujours !<\/p>\n\n\n\n<p class=\"has-ast-global-color-8-color has-text-color has-background\" style=\"background-color:#0a9df2b3\">Nombre de scientifiques se sont essay\u00e9 \u00e0 la compr\u00e9hension de ce ph\u00e9nom\u00e8ne.<br>Pascal, lui-m\u00eame, inventeur de la gravit\u00e9, aurait r\u00e9alis\u00e9 ses premi\u00e8res exp\u00e9riences \u00e0 l\u2019aide de sa propre gougoutte plut\u00f4t qu\u2019une pomme. Las, il d\u00fb s\u2019arr\u00eater faute de munition.<\/p>\n\n\n\n<p class=\"has-ast-global-color-8-color has-text-color has-background\" style=\"background-color:#0a9df2b3\">Plus t\u00f4t, Archim\u00e8de ! Que faisait-il dans son bain \u00e0 r\u00eavasser lorsque que l\u2019id\u00e9e lumineuse lui est venue (Eur\u00e9, en ancien grec ne signifie goutte, Ka est un duplicateur =&gt; Gougoutte, NDLR) ?<\/p>\n\n\n\n<p class=\"has-ast-global-color-8-color has-text-color has-background\" style=\"background-color:#0a9df2b3\">Partout, dans la litt\u00e9rature, vous trouverez des r\u00e9f\u00e9rences \u00e0 la gougoutte, mais, jamais vous de trouverez une explication s\u00e9rieuse quant \u00e0 celle-ci !<\/p>\n\n\n\n<p class=\"has-ast-global-color-8-color has-text-color has-background\" style=\"background-color:#0a9df2b3\">J\u2019ai compuls\u00e9 de nombreux ouvrages ; rien n\u2019en est sorti !<\/p>\n\n\n\n<p class=\"has-ast-global-color-8-color has-text-color has-background\" style=\"background-color:#0a9df2b3\">Je ne peux qu\u2019y voir une \u00e9norme honte de la part de l\u2019homme qui pr\u00e9f\u00e8re voir tu ce disfonctionnement !<\/p>\n\n\n\n<p class=\"has-ast-global-color-8-color has-text-color has-background\" style=\"background-color:#0a9df2b3\">Pour peu que vous portiez un pantalon clair, la honte s\u2019emparera de vous d\u00e8s que, de retour des toilettes, les yeux se tourneront vers votre braguette.<br>Vous aurez alors deux possibilit\u00e9s :<br>1\u00b0 Eviter la gougoutte.<br>Vous l\u2019aurez remarqu\u00e9, quelle que soit la force et le temps pass\u00e9 \u00e0 secouer votre engin, la Gougoutte s\u2019accroche ! il est inutile de risquer un accident.<br>D\u00e8s votre appendice rentr\u00e9, la gougoutte tombera in\u00e9luctablement.<br>Mon conseil ? Pr\u00e9f\u00e9rez un morceau de papier toilette pour en faire un \u00ab paquet cadeau \u00bb !<\/p>\n\n\n\n<p class=\"has-ast-global-color-8-color has-text-color has-background\" style=\"background-color:#0a9df2b3\">2\u00b0 Pointer du doigt l\u2019un des autres convives de l\u2019assembl\u00e9e moquant l\u2019une ou l\u2019autre tare (je ne sais pas moi ! inventez ! une transpiration exag\u00e9r\u00e9e, un bec de li\u00e8vre, un ongle incarn\u00e9, une s\u00e9borrh\u00e9e abondante, un \u00ab noir ongle \u00bb, une calvitie pr\u00e9coce) peu importe tant que les yeux ne seront pas tourn\u00e9s vers vous ! Vous pourrez ainsi vous rasseoir en toute qui\u00e9tude pendant que vos amis riront aux larmes du pauvre individu ainsi stigmatis\u00e9.<\/p>\n\n\n\n<p class=\"has-ast-global-color-8-color has-text-color has-background\" style=\"background-color:#0a9df2b3\">Et la personne qui nettoie vos braies me direz-vous ?<br>Eh bien, si c\u2019est vous ou que vous vous d\u00e9barrasser quotidiennement de vos sous-v\u00eatements dans les poubelles environnantes (je vous rappelle que ceci est passible d\u2019une peine s\u00e9v\u00e8re), pas de probl\u00e8me ! Vous continuerez \u00e0 g\u00e9mir dans votre coin r\u00eavant \u00e0 l\u2019\u00e9poque o\u00f9, jeune, nulle Gougoutte ne faisait son apparition \u00e0 l\u2019issue d\u2019une miction bien accomplie.<br>S\u2019il s\u2019agit d\u2019une personne tierce (=\u00e9pouse, conjoint, petit amie (mais pas pour longtemps), employ\u00e9 de maison) alors, je ne saurais trop vous conseiller la seule et unique m\u00e9thode qui consiste \u00e0 se promener cul-nul ! La Gougoutte sera toujours l\u00e0 mais facilement rep\u00e9rable sur votre carrelage fra\u00eechement cir\u00e9. M\u00eame W. Disney l\u2019avais aussi d\u00e9crit dans \u00ab Le Livre de la Jungle \u00bb, ce sera la \u00ab Marche des El\u00e9phants \u00e0 la maison \u00bb au grand bonheur de vos admirateurs.<\/p>\n<\/div><\/div>\n","protected":false},"excerpt":{"rendered":"","protected":false},"author":1,"featured_media":0,"parent":0,"menu_order":0,"comment_status":"closed","ping_status":"closed","template":"","meta":{"site-sidebar-layout":"default","site-content-layout":"","ast-site-content-layout":"","site-content-style":"default","site-sidebar-style":"default","ast-global-header-display":"","ast-banner-title-visibility":"","ast-main-header-display":"","ast-hfb-above-header-display":"","ast-hfb-below-header-display":"","ast-hfb-mobile-header-display":"","site-post-title":"","ast-breadcrumbs-content":"","ast-featured-img":"","footer-sml-layout":"","theme-transparent-header-meta":"","adv-header-id-meta":"","stick-header-meta":"","header-above-stick-meta":"","header-main-stick-meta":"","header-below-stick-meta":"","astra-migrate-meta-layouts":"default","ast-page-background-enabled":"default","ast-page-background-meta":{"desktop":{"background-color":"var(--ast-global-color-4)","background-image":"","background-repeat":"repeat","background-position":"center center","background-size":"auto","background-attachment":"scroll","background-type":"","background-media":"","overlay-type":"","overlay-color":"","overlay-gradient":""},"tablet":{"background-color":"","background-image":"","background-repeat":"repeat","background-position":"center center","background-size":"auto","background-attachment":"scroll","background-type":"","background-media":"","overlay-type":"","overlay-color":"","overlay-gradient":""},"mobile":{"background-color":"","background-image":"","background-repeat":"repeat","background-position":"center center","background-size":"auto","background-attachment":"scroll","background-type":"","background-media":"","overlay-type":"","overlay-color":"","overlay-gradient":""}},"ast-content-background-meta":{"desktop":{"background-color":"var(--ast-global-color-5)","background-image":"","background-repeat":"repeat","background-position":"center center","background-size":"auto","background-attachment":"scroll","background-type":"","background-media":"","overlay-type":"","overlay-color":"","overlay-gradient":""},"tablet":{"background-color":"var(--ast-global-color-5)","background-image":"","background-repeat":"repeat","background-position":"center center","background-size":"auto","background-attachment":"scroll","background-type":"","background-media":"","overlay-type":"","overlay-color":"","overlay-gradient":""},"mobile":{"background-color":"var(--ast-global-color-5)","background-image":"","background-repeat":"repeat","background-position":"center center","background-size":"auto","background-attachment":"scroll","background-type":"","background-media":"","overlay-type":"","overlay-color":"","overlay-gradient":""}},"footnotes":""},"class_list":["post-1963","page","type-page","status-publish","hentry"],"_links":{"self":[{"href":"https:\/\/nalinnes.org\/index.php?rest_route=\/wp\/v2\/pages\/1963","targetHints":{"allow":["GET"]}}],"collection":[{"href":"https:\/\/nalinnes.org\/index.php?rest_route=\/wp\/v2\/pages"}],"about":[{"href":"https:\/\/nalinnes.org\/index.php?rest_route=\/wp\/v2\/types\/page"}],"author":[{"embeddable":true,"href":"https:\/\/nalinnes.org\/index.php?rest_route=\/wp\/v2\/users\/1"}],"replies":[{"embeddable":true,"href":"https:\/\/nalinnes.org\/index.php?rest_route=%2Fwp%2Fv2%2Fcomments&post=1963"}],"version-history":[{"count":5,"href":"https:\/\/nalinnes.org\/index.php?rest_route=\/wp\/v2\/pages\/1963\/revisions"}],"predecessor-version":[{"id":2025,"href":"https:\/\/nalinnes.org\/index.php?rest_route=\/wp\/v2\/pages\/1963\/revisions\/2025"}],"wp:attachment":[{"href":"https:\/\/nalinnes.org\/index.php?rest_route=%2Fwp%2Fv2%2Fmedia&parent=1963"}],"curies":[{"name":"wp","href":"https:\/\/api.w.org\/{rel}","templated":true}]}}