{"id":1947,"date":"2022-09-05T09:52:26","date_gmt":"2022-09-05T09:52:26","guid":{"rendered":"https:\/\/nalinnes.org\/?page_id=1947"},"modified":"2022-09-09T08:57:32","modified_gmt":"2022-09-09T08:57:32","slug":"soins-du-visage-2","status":"publish","type":"page","link":"https:\/\/nalinnes.org\/?page_id=1947","title":{"rendered":"Bo\u00eete \u00e0 Livres"},"content":{"rendered":"\n<figure class=\"wp-block-image size-full is-resized is-style-default\"><img loading=\"lazy\" decoding=\"async\" src=\"https:\/\/nalinnes.org\/wp-content\/uploads\/2022\/09\/boite_livres.jpg\" alt=\"\" class=\"wp-image-1948\" width=\"211\" height=\"281\" srcset=\"https:\/\/nalinnes.org\/wp-content\/uploads\/2022\/09\/boite_livres.jpg 720w, https:\/\/nalinnes.org\/wp-content\/uploads\/2022\/09\/boite_livres-225x300.jpg 225w\" sizes=\"auto, (max-width: 211px) 100vw, 211px\" \/><\/figure>\n\n\n\n<div class=\"wp-block-uagb-container uagb-block-10f49a45 alignfull uagb-is-root-container\"><div class=\"uagb-container-inner-blocks-wrap\">\n<p class=\"has-background\" style=\"background-color:#3ebae9\">En cette journ\u00e9e de rentr\u00e9e des classes, je voulais porter votre attention sur un point qui pourrait avoir une influence sur la sant\u00e9 mentale de nos t\u00eates blondes.<br>Lors de notre promenade quotidienne, passant devant l\u2019\u00e9cole du centre avec Gwen, mon \u00e9pagneul breton, celui-ci \u00e9mit le d\u00e9sir de jeter un \u0153il dans \u00ab la bo\u00eete \u00e0 livres \u00bb se trouvant \u00e0 l\u2019entr\u00e9e des primaires.<br>Il vient de finir les biographies de Fran\u00e7ois 1er, Henri IV, Louis XIII, Louis XIV et Louis XV.<br>Il en a un peu marre. Je le comprends mais il aime les histoires de chasses \u00e0 courre de la cour.<br>Je commence d\u2019ailleurs \u00e0 m\u2019inqui\u00e9ter pour mes poules.<br>Nous parcour\u00fbmes donc les deux ou trois \u00e9tag\u00e8res remplies de bouquins pour \u00e9ventuellement faire son bonheur.<br>Je tiens \u00e0 t\u00e9moigner en faveur de cette tr\u00e8s belle initiative qui permet d\u2019\u00e9changer la culture et de partager son exp\u00e9rience litt\u00e9raire, cependant, je pense que le contenu devrait parfois \u00eatre contr\u00f4l\u00e9 par les cr\u00e9ateurs de ce projet.<br>En effet, devant une \u00e9cole(!), nous avons d\u00e9couvert des \u00ab perles \u00bb qui, tomb\u00e9es entre les mains de petits \u00eatres encore innocents, pourrait porter pr\u00e9judices \u00e0 leur devenir mental.<br>Jugez par vous-m\u00eame :<br>\u00ab Qui a mont\u00e9 Cristo \u2013 Alexandre Dur-mat \u00bb<br>\u00ab A la recherche du gland perdu \u2013 Marcel Prout \u00bb<br>\u00ab En attendant mon gode \u2013 Samuel Belkett \u00bb.<br>Ou encore \u00ab L\u2019archi-pelle de goulash \u00bb, \u00ab Asterix le Grivois \u00bb, \u00ab un Tartare au dessert \u00bb.<br>Je passe sur \u00ab Autant en emporte mes vents \u00bb, \u00ab Le Silence et ta m\u00e8re \u00bb, \u00ab Robinson sur Vendredi \u00bb.<br>Enfin, \u00ab Pas fort niqu\u00e9e la Miss Blandish \u00bb, \u00ab Voyage au Centre de Walter \u00bb,<br>Gwen a finalement port\u00e9 son choix sur un titre qui lui semblait plus politique : \u00ab Il faut qu\u2019une porte soit ouverte \u2026 plut\u00f4t pas \u00bb, l\u2019histoire d\u2019un ancien ministre du nord du pays pendant son passage \u00e0 l\u2019Asile et \u00e0 l\u2019Immigration.<\/p>\n<\/div><\/div>\n","protected":false},"excerpt":{"rendered":"","protected":false},"author":1,"featured_media":0,"parent":0,"menu_order":0,"comment_status":"closed","ping_status":"closed","template":"","meta":{"site-sidebar-layout":"default","site-content-layout":"","ast-site-content-layout":"","site-content-style":"default","site-sidebar-style":"default","ast-global-header-display":"","ast-banner-title-visibility":"","ast-main-header-display":"","ast-hfb-above-header-display":"","ast-hfb-below-header-display":"","ast-hfb-mobile-header-display":"","site-post-title":"","ast-breadcrumbs-content":"","ast-featured-img":"","footer-sml-layout":"","theme-transparent-header-meta":"","adv-header-id-meta":"","stick-header-meta":"","header-above-stick-meta":"","header-main-stick-meta":"","header-below-stick-meta":"","astra-migrate-meta-layouts":"default","ast-page-background-enabled":"default","ast-page-background-meta":{"desktop":{"background-color":"var(--ast-global-color-4)","background-image":"","background-repeat":"repeat","background-position":"center center","background-size":"auto","background-attachment":"scroll","background-type":"","background-media":"","overlay-type":"","overlay-color":"","overlay-gradient":""},"tablet":{"background-color":"","background-image":"","background-repeat":"repeat","background-position":"center center","background-size":"auto","background-attachment":"scroll","background-type":"","background-media":"","overlay-type":"","overlay-color":"","overlay-gradient":""},"mobile":{"background-color":"","background-image":"","background-repeat":"repeat","background-position":"center center","background-size":"auto","background-attachment":"scroll","background-type":"","background-media":"","overlay-type":"","overlay-color":"","overlay-gradient":""}},"ast-content-background-meta":{"desktop":{"background-color":"var(--ast-global-color-5)","background-image":"","background-repeat":"repeat","background-position":"center center","background-size":"auto","background-attachment":"scroll","background-type":"","background-media":"","overlay-type":"","overlay-color":"","overlay-gradient":""},"tablet":{"background-color":"var(--ast-global-color-5)","background-image":"","background-repeat":"repeat","background-position":"center center","background-size":"auto","background-attachment":"scroll","background-type":"","background-media":"","overlay-type":"","overlay-color":"","overlay-gradient":""},"mobile":{"background-color":"var(--ast-global-color-5)","background-image":"","background-repeat":"repeat","background-position":"center center","background-size":"auto","background-attachment":"scroll","background-type":"","background-media":"","overlay-type":"","overlay-color":"","overlay-gradient":""}},"footnotes":""},"class_list":["post-1947","page","type-page","status-publish","hentry"],"_links":{"self":[{"href":"https:\/\/nalinnes.org\/index.php?rest_route=\/wp\/v2\/pages\/1947","targetHints":{"allow":["GET"]}}],"collection":[{"href":"https:\/\/nalinnes.org\/index.php?rest_route=\/wp\/v2\/pages"}],"about":[{"href":"https:\/\/nalinnes.org\/index.php?rest_route=\/wp\/v2\/types\/page"}],"author":[{"embeddable":true,"href":"https:\/\/nalinnes.org\/index.php?rest_route=\/wp\/v2\/users\/1"}],"replies":[{"embeddable":true,"href":"https:\/\/nalinnes.org\/index.php?rest_route=%2Fwp%2Fv2%2Fcomments&post=1947"}],"version-history":[{"count":4,"href":"https:\/\/nalinnes.org\/index.php?rest_route=\/wp\/v2\/pages\/1947\/revisions"}],"predecessor-version":[{"id":2053,"href":"https:\/\/nalinnes.org\/index.php?rest_route=\/wp\/v2\/pages\/1947\/revisions\/2053"}],"wp:attachment":[{"href":"https:\/\/nalinnes.org\/index.php?rest_route=%2Fwp%2Fv2%2Fmedia&parent=1947"}],"curies":[{"name":"wp","href":"https:\/\/api.w.org\/{rel}","templated":true}]}}